{"id":11841,"date":"2025-06-12T16:52:15","date_gmt":"2025-06-12T16:52:15","guid":{"rendered":"https:\/\/vitricon.com\/?page_id=11841"},"modified":"2026-03-09T07:39:35","modified_gmt":"2026-03-09T07:39:35","slug":"fm-dokumentation","status":"publish","type":"page","link":"https:\/\/vitricon.com\/de\/dienstleistungen\/fm-dokumentation\/","title":{"rendered":"FM-Dokumentation"},"content":{"rendered":"\t\t<div data-elementor-type=\"wp-page\" data-elementor-id=\"11841\" class=\"elementor elementor-11841\" data-elementor-post-type=\"page\">\n\t\t\t\t<div class=\"elementor-element elementor-element-9c9ca5a e-flex e-con-boxed e-con e-parent\" data-id=\"9c9ca5a\" data-element_type=\"container\" data-e-type=\"container\" data-settings=\"{&quot;background_background&quot;:&quot;classic&quot;}\">\n\t\t\t\t\t<div class=\"e-con-inner\">\n\t\t<div class=\"elementor-element elementor-element-6f42fc5 e-flex e-con-boxed e-con e-child\" data-id=\"6f42fc5\" data-element_type=\"container\" data-e-type=\"container\">\n\t\t\t\t\t<div class=\"e-con-inner\">\n\t\t\t\t<div class=\"elementor-element elementor-element-3413578 elementor-widget__width-initial elementor-widget elementor-widget-heading\" data-id=\"3413578\" data-element_type=\"widget\" data-e-type=\"widget\" data-widget_type=\"heading.default\">\n\t\t\t\t<div class=\"elementor-widget-container\">\n\t\t\t\t\t<h2 class=\"elementor-heading-title elementor-size-default\">FM-Dokumentation<\/h2>\t\t\t\t<\/div>\n\t\t\t\t<\/div>\n\t\t\t\t<div class=\"elementor-element elementor-element-fc974f4 elementor-widget__width-initial elementor-widget-laptop__width-initial elementor-widget-tablet_extra__width-initial elementor-widget-tablet__width-initial elementor-widget-mobile_extra__width-initial elementor-widget elementor-widget-text-editor\" data-id=\"fc974f4\" data-element_type=\"widget\" data-e-type=\"widget\" data-widget_type=\"text-editor.default\">\n\t\t\t\t<div class=\"elementor-widget-container\">\n\t\t\t\t\t\t\t\t\t<p><strong>Verl\u00e4ssliche Dokumentation \u2013 digitale Lebenszyklen erfassen und verstehen.<\/strong><br data-start=\"300\" data-end=\"303\" \/>Wir schaffen nachvollziehbare, konsistente und durchg\u00e4ngige FM-Dokumentation \u00fcber den gesamten Lebenszyklus hinweg.<\/p>\t\t\t\t\t\t\t\t<\/div>\n\t\t\t\t<\/div>\n\t\t\t\t\t<\/div>\n\t\t\t\t<\/div>\n\t\t\t\t\t<\/div>\n\t\t\t\t<\/div>\n\t\t<div class=\"elementor-element elementor-element-3d13cc2 e-flex e-con-boxed e-con e-parent\" data-id=\"3d13cc2\" data-element_type=\"container\" data-e-type=\"container\" data-settings=\"{&quot;background_background&quot;:&quot;classic&quot;}\">\n\t\t\t\t\t<div class=\"e-con-inner\">\n\t\t<div class=\"elementor-element elementor-element-2a8eafb e-flex e-con-boxed e-con e-child\" data-id=\"2a8eafb\" data-element_type=\"container\" data-e-type=\"container\">\n\t\t\t\t\t<div class=\"e-con-inner\">\n\t\t\t\t<div class=\"elementor-element elementor-element-41b2536 elementor-widget elementor-widget-text-editor\" data-id=\"41b2536\" data-element_type=\"widget\" data-e-type=\"widget\" data-widget_type=\"text-editor.default\">\n\t\t\t\t<div class=\"elementor-widget-container\">\n\t\t\t\t\t\t\t\t\t<p><a href=\"\/\">Home<\/a> | <a href=\"https:\/\/vitricon.com\/de\/dienstleistungen\/\">Dienstleistungen<\/a> | FM-Dokumentation<\/p>\t\t\t\t\t\t\t\t<\/div>\n\t\t\t\t<\/div>\n\t\t\t\t\t<\/div>\n\t\t\t\t<\/div>\n\t\t\t\t\t<\/div>\n\t\t\t\t<\/div>\n\t\t<div class=\"elementor-element elementor-element-7e68754 e-flex e-con-boxed e-con e-parent\" data-id=\"7e68754\" data-element_type=\"container\" data-e-type=\"container\" data-settings=\"{&quot;background_background&quot;:&quot;classic&quot;}\">\n\t\t\t\t\t<div class=\"e-con-inner\">\n\t\t<div class=\"elementor-element elementor-element-0bba9e9 e-con-full e-flex e-con e-child\" data-id=\"0bba9e9\" data-element_type=\"container\" data-e-type=\"container\">\n\t\t\t\t<div class=\"elementor-element elementor-element-6b757c3 elementor-widget elementor-widget-heading\" data-id=\"6b757c3\" data-element_type=\"widget\" data-e-type=\"widget\" data-widget_type=\"heading.default\">\n\t\t\t\t<div class=\"elementor-widget-container\">\n\t\t\t\t\t<h2 class=\"elementor-heading-title elementor-size-default\">Konforme und digitale FM-Dokumentation<\/h2>\t\t\t\t<\/div>\n\t\t\t\t<\/div>\n\t\t\t\t<div class=\"elementor-element elementor-element-488e6e5 elementor-widget elementor-widget-heading\" data-id=\"488e6e5\" data-element_type=\"widget\" data-e-type=\"widget\" data-widget_type=\"heading.default\">\n\t\t\t\t<div class=\"elementor-widget-container\">\n\t\t\t\t\t<h2 class=\"elementor-heading-title elementor-size-default\">Unsere Leistungen<\/h2>\t\t\t\t<\/div>\n\t\t\t\t<\/div>\n\t\t<div class=\"elementor-element elementor-element-8f4abf5 e-grid e-con-full e-con e-child\" data-id=\"8f4abf5\" data-element_type=\"container\" data-e-type=\"container\">\n\t\t\t\t<div class=\"elementor-element elementor-element-75de176 elementor-widget elementor-widget-text-editor\" data-id=\"75de176\" data-element_type=\"widget\" data-e-type=\"widget\" data-widget_type=\"text-editor.default\">\n\t\t\t\t<div class=\"elementor-widget-container\">\n\t\t\t\t\t\t\t\t\t<p>Eine l\u00fcckenlose und digitale Dokumentation ist der Schl\u00fcssel zu mehr Effizienz und Sicherheit.<\/p><p>Wir analysieren Ihr Gesch\u00e4ftsmodell, integrieren digitale und analoge Datenbest\u00e4nde und erstellen eine digitale Lebenslaufakte f\u00fcr Ihre Immobilien und Anlagen.<\/p>\t\t\t\t\t\t\t\t<\/div>\n\t\t\t\t<\/div>\n\t\t\t\t<div class=\"elementor-element elementor-element-cb3b946 elementor-widget elementor-widget-text-editor\" data-id=\"cb3b946\" data-element_type=\"widget\" data-e-type=\"widget\" data-widget_type=\"text-editor.default\">\n\t\t\t\t<div class=\"elementor-widget-container\">\n\t\t\t\t\t\t\t\t\t<p data-start=\"3064\" data-end=\"3104\">[\u2713]\u00a0<span data-contrast=\"auto\">Analyse des Gesch\u00e4ftsmodells und Erstellung von Dokumentationsrichtlinien<\/span><span data-ccp-props=\"{}\">\u00a0<\/span><\/p><p><span data-contrast=\"auto\">[\u2713]\u00a0Aufbau und Entwicklung der Digitalen Lebenslaufakte von Immobilien und Anlagen<\/span><span data-ccp-props=\"{}\">\u00a0<\/span><\/p><p><span data-contrast=\"auto\">[\u2713]\u00a0Integration von digitalen und analogen Datenbest\u00e4nden (alphanumerisch, CAD, BIM)<\/span><span data-ccp-props=\"{}\">\u00a0<\/span><\/p><p><span data-contrast=\"auto\">[\u2713] Digitalisierung von Prozessen mittels VORMULA<sup>\u00ae<\/sup><\/span><\/p>\t\t\t\t\t\t\t\t<\/div>\n\t\t\t\t<\/div>\n\t\t\t\t<\/div>\n\t\t\t\t<\/div>\n\t\t\t\t\t<\/div>\n\t\t\t\t<\/div>\n\t\t<div class=\"elementor-element elementor-element-b5cddc8 e-flex e-con-boxed e-con e-parent\" data-id=\"b5cddc8\" data-element_type=\"container\" data-e-type=\"container\" data-settings=\"{&quot;background_background&quot;:&quot;classic&quot;}\">\n\t\t\t\t\t<div class=\"e-con-inner\">\n\t\t<div class=\"elementor-element elementor-element-9dc9154 e-con-full e-flex e-con e-child\" data-id=\"9dc9154\" data-element_type=\"container\" data-e-type=\"container\">\n\t\t\t\t<div class=\"elementor-element elementor-element-2111321 elementor-widget elementor-widget-heading\" data-id=\"2111321\" data-element_type=\"widget\" data-e-type=\"widget\" data-widget_type=\"heading.default\">\n\t\t\t\t<div class=\"elementor-widget-container\">\n\t\t\t\t\t<h2 class=\"elementor-heading-title elementor-size-default\">Ihre Vorteile<\/h2>\t\t\t\t<\/div>\n\t\t\t\t<\/div>\n\t\t<div class=\"elementor-element elementor-element-a86c0a2 e-grid e-con-full e-con e-child\" data-id=\"a86c0a2\" data-element_type=\"container\" data-e-type=\"container\">\n\t\t<div class=\"elementor-element elementor-element-f4470af e-con-full e-flex e-con e-child\" data-id=\"f4470af\" data-element_type=\"container\" data-e-type=\"container\">\n\t\t\t\t<div class=\"elementor-element elementor-element-5f86740 elementor-widget__width-initial elementor-widget elementor-widget-text-editor\" data-id=\"5f86740\" data-element_type=\"widget\" data-e-type=\"widget\" data-widget_type=\"text-editor.default\">\n\t\t\t\t<div class=\"elementor-widget-container\">\n\t\t\t\t\t\t\t\t\t<p>Unsere FM-Dokumentation sorgt f\u00fcr eine l\u00fcckenlose und revisionssichere Erfassung aller relevanten Daten Ihrer Immobilien und Anlagen.<\/p><p>Sie profitieren von mehr Transparenz, einer zentralen Informationsquelle und der Digitalisierung Ihrer Prozesse.<\/p>\t\t\t\t\t\t\t\t<\/div>\n\t\t\t\t<\/div>\n\t\t\t\t<\/div>\n\t\t<div class=\"elementor-element elementor-element-7178cbb e-con-full e-flex e-con e-child\" data-id=\"7178cbb\" data-element_type=\"container\" data-e-type=\"container\">\n\t\t\t\t<div class=\"elementor-element elementor-element-1006133 elementor-widget__width-initial elementor-widget elementor-widget-text-editor\" data-id=\"1006133\" data-element_type=\"widget\" data-e-type=\"widget\" data-widget_type=\"text-editor.default\">\n\t\t\t\t<div class=\"elementor-widget-container\">\n\t\t\t\t\t\t\t\t\t<p class=\"\" data-start=\"1701\" data-end=\"1739\"><strong data-start=\"1464\" data-end=\"1487\">Vorteile<\/strong>:<\/p><p data-start=\"1493\" data-end=\"1531\">[\u2713]\u00a0L\u00fcckenlose und revisionssichere Dokumentation<\/p><p>[\u2713]\u00a0Erh\u00f6hte Transparenz und Nachvollziehbarkeit<\/p><p>[\u2713]\u00a0Digitalisierung und zentrale Informationsquelle<\/p><p>[\u2713]\u00a0Optimale Grundlage f\u00fcr Betreiberverantwortung<\/p>\t\t\t\t\t\t\t\t<\/div>\n\t\t\t\t<\/div>\n\t\t\t\t<\/div>\n\t\t\t\t<\/div>\n\t\t\t\t<\/div>\n\t\t\t\t\t<\/div>\n\t\t\t\t<\/div>\n\t\t<div class=\"elementor-element elementor-element-68c3fca e-flex e-con-boxed e-con e-parent\" data-id=\"68c3fca\" data-element_type=\"container\" data-e-type=\"container\" data-settings=\"{&quot;background_background&quot;:&quot;classic&quot;}\">\n\t\t\t\t\t<div class=\"e-con-inner\">\n\t\t<div class=\"elementor-element elementor-element-baf937e e-con-full e-flex e-con e-child\" data-id=\"baf937e\" data-element_type=\"container\" data-e-type=\"container\">\n\t\t\t\t<div class=\"elementor-element elementor-element-dd699a1 elementor-widget elementor-widget-heading\" data-id=\"dd699a1\" data-element_type=\"widget\" data-e-type=\"widget\" data-widget_type=\"heading.default\">\n\t\t\t\t<div class=\"elementor-widget-container\">\n\t\t\t\t\t<h5 class=\"elementor-heading-title elementor-size-default\">KOSTENLOS TESTEN<\/h5>\t\t\t\t<\/div>\n\t\t\t\t<\/div>\n\t\t\t\t<div class=\"elementor-element elementor-element-aaa91b9 elementor-widget elementor-widget-heading\" data-id=\"aaa91b9\" data-element_type=\"widget\" data-e-type=\"widget\" data-widget_type=\"heading.default\">\n\t\t\t\t<div class=\"elementor-widget-container\">\n\t\t\t\t\t<h2 class=\"elementor-heading-title elementor-size-default\">Entscheiden Sie sich noch heute f\u00fcr VITRICON<sup>\u00ae<\/sup><\/h2>\t\t\t\t<\/div>\n\t\t\t\t<\/div>\n\t\t<div class=\"elementor-element elementor-element-d2d2f74 e-con-full e-flex e-con e-child\" data-id=\"d2d2f74\" data-element_type=\"container\" data-e-type=\"container\">\n\t\t<div class=\"elementor-element elementor-element-0c08f0e e-flex e-con-boxed e-con e-child\" data-id=\"0c08f0e\" data-element_type=\"container\" data-e-type=\"container\">\n\t\t\t\t\t<div class=\"e-con-inner\">\n\t\t\t\t<div class=\"elementor-element elementor-element-b24ba8d elementor-widget__width-initial elementor-view-default elementor-position-block-start elementor-mobile-position-block-start elementor-widget elementor-widget-icon-box\" data-id=\"b24ba8d\" data-element_type=\"widget\" data-e-type=\"widget\" data-widget_type=\"icon-box.default\">\n\t\t\t\t<div class=\"elementor-widget-container\">\n\t\t\t\t\t\t\t<div class=\"elementor-icon-box-wrapper\">\n\n\t\t\t\t\t\t<div class=\"elementor-icon-box-icon\">\n\t\t\t\t<span  class=\"elementor-icon\">\n\t\t\t\t<i aria-hidden=\"true\" class=\"fas fa-check-circle\"><\/i>\t\t\t\t<\/span>\n\t\t\t<\/div>\n\t\t\t\n\t\t\t\t\t\t<div class=\"elementor-icon-box-content\">\n\n\t\t\t\t\t\t\t\t\t<h3 class=\"elementor-icon-box-title\">\n\t\t\t\t\t\t<span  >\n\t\t\t\t\t\t\tTesten Sie alle Funktionen\t\t\t\t\t\t<\/span>\n\t\t\t\t\t<\/h3>\n\t\t\t\t\n\t\t\t\t\t\t\t\t\t<p class=\"elementor-icon-box-description\">\n\t\t\t\t\t\tohne Einschr\u00e4nkungen 30 Tage kostenlos!\t\t\t\t\t<\/p>\n\t\t\t\t\n\t\t\t<\/div>\n\t\t\t\n\t\t<\/div>\n\t\t\t\t\t\t<\/div>\n\t\t\t\t<\/div>\n\t\t\t\t\t<\/div>\n\t\t\t\t<\/div>\n\t\t<div class=\"elementor-element elementor-element-2530dd3 e-con-full e-flex e-con e-child\" data-id=\"2530dd3\" data-element_type=\"container\" data-e-type=\"container\">\n\t\t\t\t<div class=\"elementor-element elementor-element-0489292 elementor-widget__width-initial elementor-view-default elementor-position-block-start elementor-mobile-position-block-start elementor-widget elementor-widget-icon-box\" data-id=\"0489292\" data-element_type=\"widget\" data-e-type=\"widget\" data-widget_type=\"icon-box.default\">\n\t\t\t\t<div class=\"elementor-widget-container\">\n\t\t\t\t\t\t\t<div class=\"elementor-icon-box-wrapper\">\n\n\t\t\t\t\t\t<div class=\"elementor-icon-box-icon\">\n\t\t\t\t<span  class=\"elementor-icon\">\n\t\t\t\t<i aria-hidden=\"true\" class=\"fas fa-check-circle\"><\/i>\t\t\t\t<\/span>\n\t\t\t<\/div>\n\t\t\t\n\t\t\t\t\t\t<div class=\"elementor-icon-box-content\">\n\n\t\t\t\t\t\t\t\t\t<h3 class=\"elementor-icon-box-title\">\n\t\t\t\t\t\t<span  >\n\t\t\t\t\t\t\tApp sofort nutzen\t\t\t\t\t\t<\/span>\n\t\t\t\t\t<\/h3>\n\t\t\t\t\n\t\t\t\t\t\t\t\t\t<p class=\"elementor-icon-box-description\">\n\t\t\t\t\t\tam Computer, Tablet oder Smartphone\t\t\t\t\t<\/p>\n\t\t\t\t\n\t\t\t<\/div>\n\t\t\t\n\t\t<\/div>\n\t\t\t\t\t\t<\/div>\n\t\t\t\t<\/div>\n\t\t\t\t<\/div>\n\t\t<div class=\"elementor-element elementor-element-f4b8bfa e-con-full e-flex e-con e-child\" data-id=\"f4b8bfa\" data-element_type=\"container\" data-e-type=\"container\">\n\t\t\t\t<div class=\"elementor-element elementor-element-54635f4 elementor-widget__width-initial elementor-view-default elementor-position-block-start elementor-mobile-position-block-start elementor-widget elementor-widget-icon-box\" data-id=\"54635f4\" data-element_type=\"widget\" data-e-type=\"widget\" data-widget_type=\"icon-box.default\">\n\t\t\t\t<div class=\"elementor-widget-container\">\n\t\t\t\t\t\t\t<div class=\"elementor-icon-box-wrapper\">\n\n\t\t\t\t\t\t<div class=\"elementor-icon-box-icon\">\n\t\t\t\t<span  class=\"elementor-icon\">\n\t\t\t\t<i aria-hidden=\"true\" class=\"fas fa-check-circle\"><\/i>\t\t\t\t<\/span>\n\t\t\t<\/div>\n\t\t\t\n\t\t\t\t\t\t<div class=\"elementor-icon-box-content\">\n\n\t\t\t\t\t\t\t\t\t<h3 class=\"elementor-icon-box-title\">\n\t\t\t\t\t\t<span  >\n\t\t\t\t\t\t\tV\u00f6llig risikofrei\t\t\t\t\t\t<\/span>\n\t\t\t\t\t<\/h3>\n\t\t\t\t\n\t\t\t\t\t\t\t\t\t<p class=\"elementor-icon-box-description\">\n\t\t\t\t\t\tIhr Zugang endet automatisch!\t\t\t\t\t<\/p>\n\t\t\t\t\n\t\t\t<\/div>\n\t\t\t\n\t\t<\/div>\n\t\t\t\t\t\t<\/div>\n\t\t\t\t<\/div>\n\t\t\t\t<\/div>\n\t\t\t\t<\/div>\n\t\t\t\t<\/div>\n\t\t<div class=\"elementor-element elementor-element-16ae576 e-con-full e-flex e-con e-child\" data-id=\"16ae576\" data-element_type=\"container\" data-e-type=\"container\">\n\t\t\t\t<div class=\"elementor-element elementor-element-7283246 elementor-widget elementor-widget-button\" data-id=\"7283246\" data-element_type=\"widget\" data-e-type=\"widget\" data-widget_type=\"button.default\">\n\t\t\t\t<div class=\"elementor-widget-container\">\n\t\t\t\t\t\t\t\t\t<div class=\"elementor-button-wrapper\">\n\t\t\t\t\t<a class=\"elementor-button elementor-button-link elementor-size-sm elementor-animation-shrink\" href=\"https:\/\/vitricon.com\/de\/kontakt\/kontakt\/kostenlos-testen\/\">\n\t\t\t\t\t\t<span class=\"elementor-button-content-wrapper\">\n\t\t\t\t\t\t<span class=\"elementor-button-icon\">\n\t\t\t\t<i aria-hidden=\"true\" class=\"fas fa-arrow-right\"><\/i>\t\t\t<\/span>\n\t\t\t\t\t\t\t\t\t<span class=\"elementor-button-text\">Kostenlos testen<\/span>\n\t\t\t\t\t<\/span>\n\t\t\t\t\t<\/a>\n\t\t\t\t<\/div>\n\t\t\t\t\t\t\t\t<\/div>\n\t\t\t\t<\/div>\n\t\t\t\t<div class=\"elementor-element elementor-element-075c0ec elementor-widget elementor-widget-button\" data-id=\"075c0ec\" data-element_type=\"widget\" data-e-type=\"widget\" data-widget_type=\"button.default\">\n\t\t\t\t<div class=\"elementor-widget-container\">\n\t\t\t\t\t\t\t\t\t<div class=\"elementor-button-wrapper\">\n\t\t\t\t\t<a class=\"elementor-button elementor-button-link elementor-size-sm elementor-animation-shrink\" href=\"https:\/\/vitricon.com\/de\/kontakt\/kontakt\/demo-vereinbaren\/\">\n\t\t\t\t\t\t<span class=\"elementor-button-content-wrapper\">\n\t\t\t\t\t\t<span class=\"elementor-button-icon\">\n\t\t\t\t<i aria-hidden=\"true\" class=\"fas fa-arrow-right\"><\/i>\t\t\t<\/span>\n\t\t\t\t\t\t\t\t\t<span class=\"elementor-button-text\">Beratung vereinbaren<\/span>\n\t\t\t\t\t<\/span>\n\t\t\t\t\t<\/a>\n\t\t\t\t<\/div>\n\t\t\t\t\t\t\t\t<\/div>\n\t\t\t\t<\/div>\n\t\t\t\t<\/div>\n\t\t\t\t\t<\/div>\n\t\t\t\t<\/div>\n\t\t\t\t<\/div>\n\t\t","protected":false},"excerpt":{"rendered":"<p>FM-Dokumentation Verl\u00e4ssliche Dokumentation \u2013 digitale Lebenszyklen erfassen und verstehen.Wir schaffen nachvollziehbare, konsistente und durchg\u00e4ngige FM-Dokumentation \u00fcber den gesamten Lebenszyklus hinweg. Home | Dienstleistungen | FM-Dokumentation Konforme und digitale FM-Dokumentation Unsere Leistungen Eine l\u00fcckenlose und digitale Dokumentation ist der Schl\u00fcssel zu mehr Effizienz und Sicherheit. Wir analysieren Ihr Gesch\u00e4ftsmodell, integrieren digitale und analoge Datenbest\u00e4nde und erstellen [&hellip;]<\/p>\n","protected":false},"author":1,"featured_media":0,"parent":11512,"menu_order":3,"comment_status":"closed","ping_status":"closed","template":"","meta":{"inline_featured_image":false,"footnotes":""},"folder":[90],"class_list":["post-11841","page","type-page","status-publish","hentry"],"_links":{"self":[{"href":"https:\/\/vitricon.com\/de\/wp-json\/wp\/v2\/pages\/11841","targetHints":{"allow":["GET"]}}],"collection":[{"href":"https:\/\/vitricon.com\/de\/wp-json\/wp\/v2\/pages"}],"about":[{"href":"https:\/\/vitricon.com\/de\/wp-json\/wp\/v2\/types\/page"}],"author":[{"embeddable":true,"href":"https:\/\/vitricon.com\/de\/wp-json\/wp\/v2\/users\/1"}],"replies":[{"embeddable":true,"href":"https:\/\/vitricon.com\/de\/wp-json\/wp\/v2\/comments?post=11841"}],"version-history":[{"count":10,"href":"https:\/\/vitricon.com\/de\/wp-json\/wp\/v2\/pages\/11841\/revisions"}],"predecessor-version":[{"id":14043,"href":"https:\/\/vitricon.com\/de\/wp-json\/wp\/v2\/pages\/11841\/revisions\/14043"}],"up":[{"embeddable":true,"href":"https:\/\/vitricon.com\/de\/wp-json\/wp\/v2\/pages\/11512"}],"wp:attachment":[{"href":"https:\/\/vitricon.com\/de\/wp-json\/wp\/v2\/media?parent=11841"}],"wp:term":[{"taxonomy":"folder","embeddable":true,"href":"https:\/\/vitricon.com\/de\/wp-json\/wp\/v2\/folder?post=11841"}],"curies":[{"name":"wp","href":"https:\/\/api.w.org\/{rel}","templated":true}]}}