{"id":12113,"date":"2025-06-13T14:54:20","date_gmt":"2025-06-13T14:54:20","guid":{"rendered":"https:\/\/vitricon.com\/?page_id=12113"},"modified":"2026-03-09T07:31:03","modified_gmt":"2026-03-09T07:31:03","slug":"energiemanagement-gefma-445","status":"publish","type":"page","link":"https:\/\/vitricon.com\/de\/loesungen\/energiemanagement\/energiemanagement-gefma-445\/","title":{"rendered":"Energiemanagement nach GEFMA 445"},"content":{"rendered":"\t\t<div data-elementor-type=\"wp-page\" data-elementor-id=\"12113\" class=\"elementor elementor-12113\" data-elementor-post-type=\"page\">\n\t\t\t\t<div class=\"elementor-element elementor-element-9c9ca5a e-flex e-con-boxed e-con e-parent\" data-id=\"9c9ca5a\" data-element_type=\"container\" data-e-type=\"container\" data-settings=\"{&quot;background_background&quot;:&quot;classic&quot;}\">\n\t\t\t\t\t<div class=\"e-con-inner\">\n\t\t<div class=\"elementor-element elementor-element-6f42fc5 e-flex e-con-boxed e-con e-child\" data-id=\"6f42fc5\" data-element_type=\"container\" data-e-type=\"container\">\n\t\t\t\t\t<div class=\"e-con-inner\">\n\t\t\t\t<div class=\"elementor-element elementor-element-3413578 elementor-widget__width-initial elementor-widget elementor-widget-heading\" data-id=\"3413578\" data-element_type=\"widget\" data-e-type=\"widget\" data-widget_type=\"heading.default\">\n\t\t\t\t<div class=\"elementor-widget-container\">\n\t\t\t\t\t<h2 class=\"elementor-heading-title elementor-size-default\">Energiemanagement nach GEFMA 445<\/h2>\t\t\t\t<\/div>\n\t\t\t\t<\/div>\n\t\t\t\t<div class=\"elementor-element elementor-element-fc974f4 elementor-widget__width-initial elementor-widget-laptop__width-initial elementor-widget-tablet_extra__width-initial elementor-widget-tablet__width-initial elementor-widget-mobile_extra__width-initial elementor-widget elementor-widget-text-editor\" data-id=\"fc974f4\" data-element_type=\"widget\" data-e-type=\"widget\" data-widget_type=\"text-editor.default\">\n\t\t\t\t<div class=\"elementor-widget-container\">\n\t\t\t\t\t\t\t\t\t<p><strong>Energieeffizienz auf h\u00f6chstem Niveau \u2013 mit VITRICON<sup>\u00ae<\/sup> und GEFMA 445.<\/strong><br data-start=\"300\" data-end=\"303\" \/>VITRICON<sup>\u00ae<\/sup> unterst\u00fctzt Sie dabei, Ihre Energieverbr\u00e4uche optimal zu steuern und nachhaltig zu reduzieren.<\/p>\t\t\t\t\t\t\t\t<\/div>\n\t\t\t\t<\/div>\n\t\t\t\t\t<\/div>\n\t\t\t\t<\/div>\n\t\t\t\t\t<\/div>\n\t\t\t\t<\/div>\n\t\t<div class=\"elementor-element elementor-element-3d13cc2 e-flex e-con-boxed e-con e-parent\" data-id=\"3d13cc2\" data-element_type=\"container\" data-e-type=\"container\" data-settings=\"{&quot;background_background&quot;:&quot;classic&quot;}\">\n\t\t\t\t\t<div class=\"e-con-inner\">\n\t\t<div class=\"elementor-element elementor-element-2a8eafb e-flex e-con-boxed e-con e-child\" data-id=\"2a8eafb\" data-element_type=\"container\" data-e-type=\"container\">\n\t\t\t\t\t<div class=\"e-con-inner\">\n\t\t\t\t<div class=\"elementor-element elementor-element-41b2536 elementor-widget elementor-widget-text-editor\" data-id=\"41b2536\" data-element_type=\"widget\" data-e-type=\"widget\" data-widget_type=\"text-editor.default\">\n\t\t\t\t<div class=\"elementor-widget-container\">\n\t\t\t\t\t\t\t\t\t<p><a href=\"\/\">Home<\/a> | <a href=\"https:\/\/vitricon.com\/de\/loesungen\/\">L\u00f6sungen<\/a> | <a href=\"https:\/\/vitricon.com\/de\/loesungen\/energiemanagement\/\">Energiemanagement<\/a> | Energiemanagement nach GEFMA 445<\/p>\t\t\t\t\t\t\t\t<\/div>\n\t\t\t\t<\/div>\n\t\t\t\t\t<\/div>\n\t\t\t\t<\/div>\n\t\t\t\t\t<\/div>\n\t\t\t\t<\/div>\n\t\t<div class=\"elementor-element elementor-element-7e68754 e-flex e-con-boxed e-con e-parent\" data-id=\"7e68754\" data-element_type=\"container\" data-e-type=\"container\" data-settings=\"{&quot;background_background&quot;:&quot;classic&quot;}\">\n\t\t\t\t\t<div class=\"e-con-inner\">\n\t\t<div class=\"elementor-element elementor-element-dbbd782 e-con-full e-grid e-con e-child\" data-id=\"dbbd782\" data-element_type=\"container\" data-e-type=\"container\" data-settings=\"{&quot;background_background&quot;:&quot;classic&quot;}\">\n\t\t<div class=\"elementor-element elementor-element-329be1d e-con-full e-flex e-con e-child\" data-id=\"329be1d\" data-element_type=\"container\" data-e-type=\"container\">\n\t\t\t\t<div class=\"elementor-element elementor-element-488e6e5 elementor-widget elementor-widget-heading\" data-id=\"488e6e5\" data-element_type=\"widget\" data-e-type=\"widget\" data-widget_type=\"heading.default\">\n\t\t\t\t<div class=\"elementor-widget-container\">\n\t\t\t\t\t<h2 class=\"elementor-heading-title elementor-size-default\">GEFMA 445 <\/h2>\t\t\t\t<\/div>\n\t\t\t\t<\/div>\n\t\t\t\t<div class=\"elementor-element elementor-element-75de176 elementor-widget elementor-widget-text-editor\" data-id=\"75de176\" data-element_type=\"widget\" data-e-type=\"widget\" data-widget_type=\"text-editor.default\">\n\t\t\t\t<div class=\"elementor-widget-container\">\n\t\t\t\t\t\t\t\t\t<p>Der GEFMA 445 Standard definiert Anforderungen und Best Practices f\u00fcr ein effizientes Energiemanagement in Unternehmen.<\/p><p>Er hilft dabei, Energieverbr\u00e4uche systematisch zu erfassen, auszuwerten und kontinuierlich zu optimieren. Das sorgt nicht nur f\u00fcr mehr Transparenz und Kosteneinsparungen, sondern auch f\u00fcr eine nachhaltigere Betriebsf\u00fchrung.<\/p><p>Durch die Einhaltung dieses Standards k\u00f6nnen Unternehmen also ihre Energieeffizienz steigern und gleichzeitig gesetzliche Vorgaben besser erf\u00fcllen.<\/p>\t\t\t\t\t\t\t\t<\/div>\n\t\t\t\t<\/div>\n\t\t\t\t<\/div>\n\t\t\t\t<div class=\"elementor-element elementor-element-56f7f23 elementor-widget elementor-widget-image\" data-id=\"56f7f23\" data-element_type=\"widget\" data-e-type=\"widget\" data-widget_type=\"image.default\">\n\t\t\t\t<div class=\"elementor-widget-container\">\n\t\t\t\t\t\t\t\t\t\t\t\t\t\t\t<img fetchpriority=\"high\" decoding=\"async\" width=\"500\" height=\"500\" src=\"https:\/\/vitricon.com\/wp-content\/uploads\/2025\/06\/gefma-445-2.png\" class=\"attachment-full size-full wp-image-12155\" alt=\"\" srcset=\"https:\/\/vitricon.com\/wp-content\/uploads\/2025\/06\/gefma-445-2.png 500w, https:\/\/vitricon.com\/wp-content\/uploads\/2025\/06\/gefma-445-2-300x300.png 300w, https:\/\/vitricon.com\/wp-content\/uploads\/2025\/06\/gefma-445-2-150x150.png 150w\" sizes=\"(max-width: 500px) 100vw, 500px\" \/>\t\t\t\t\t\t\t\t\t\t\t\t\t\t\t<\/div>\n\t\t\t\t<\/div>\n\t\t\t\t<\/div>\n\t\t\t\t\t<\/div>\n\t\t\t\t<\/div>\n\t\t<div class=\"elementor-element elementor-element-b5cddc8 e-flex e-con-boxed e-con e-parent\" data-id=\"b5cddc8\" data-element_type=\"container\" data-e-type=\"container\" data-settings=\"{&quot;background_background&quot;:&quot;classic&quot;}\">\n\t\t\t\t\t<div class=\"e-con-inner\">\n\t\t<div class=\"elementor-element elementor-element-9dc9154 e-con-full e-flex e-con e-child\" data-id=\"9dc9154\" data-element_type=\"container\" data-e-type=\"container\">\n\t\t\t\t<div class=\"elementor-element elementor-element-2111321 elementor-widget elementor-widget-heading\" data-id=\"2111321\" data-element_type=\"widget\" data-e-type=\"widget\" data-widget_type=\"heading.default\">\n\t\t\t\t<div class=\"elementor-widget-container\">\n\t\t\t\t\t<h2 class=\"elementor-heading-title elementor-size-default\">Ihre Vorteile<\/h2>\t\t\t\t<\/div>\n\t\t\t\t<\/div>\n\t\t<div class=\"elementor-element elementor-element-a86c0a2 e-grid e-con-full e-con e-child\" data-id=\"a86c0a2\" data-element_type=\"container\" data-e-type=\"container\">\n\t\t<div class=\"elementor-element elementor-element-f4470af e-con-full e-flex e-con e-child\" data-id=\"f4470af\" data-element_type=\"container\" data-e-type=\"container\">\n\t\t\t\t<div class=\"elementor-element elementor-element-5f86740 elementor-widget__width-initial elementor-widget elementor-widget-text-editor\" data-id=\"5f86740\" data-element_type=\"widget\" data-e-type=\"widget\" data-widget_type=\"text-editor.default\">\n\t\t\t\t<div class=\"elementor-widget-container\">\n\t\t\t\t\t\t\t\t\t<p>Mit VITRICON<sup>\u00ae<\/sup> wird Ihr Energiemanagement nach GEFMA 445 zum Erfolg.<\/p><p>Die Plattform erm\u00f6glicht eine umfassende Erfassung und Analyse Ihrer Energieverbr\u00e4uche, sodass Einsparpotenziale identifiziert und umgesetzt werden k\u00f6nnen.<\/p><p>VITRICON<sup>\u00ae<\/sup> unterst\u00fctzt Sie bei der Einhaltung aller relevanten Standards und bietet \u00fcbersichtliche Berichte, die fundierte Entscheidungen erleichtern.<\/p>\t\t\t\t\t\t\t\t<\/div>\n\t\t\t\t<\/div>\n\t\t\t\t<\/div>\n\t\t<div class=\"elementor-element elementor-element-7178cbb e-con-full e-flex e-con e-child\" data-id=\"7178cbb\" data-element_type=\"container\" data-e-type=\"container\">\n\t\t\t\t<div class=\"elementor-element elementor-element-6949820 elementor-widget__width-initial elementor-widget elementor-widget-text-editor\" data-id=\"6949820\" data-element_type=\"widget\" data-e-type=\"widget\" data-widget_type=\"text-editor.default\">\n\t\t\t\t<div class=\"elementor-widget-container\">\n\t\t\t\t\t\t\t\t\t<p data-start=\"1493\" data-end=\"1531\">[\u2713]\u00a0Volle Funktionalit\u00e4t f\u00fcr ISO 50001 \/ EMAS<\/p><p>[\u2713]\u00a0Umfangreiche Schnittstellen zu Messsystemen und Geb\u00e4udeautomation<\/p><p>[\u2713]\u00a0Beratung zur Einf\u00fchrung von Energiemanagement<\/p><p>[\u2713]\u00a0Bestandsanalyse und Messkonzept<\/p><p>[\u2713] Smarte Messsysteme und IoT <\/p>\t\t\t\t\t\t\t\t<\/div>\n\t\t\t\t<\/div>\n\t\t\t\t<\/div>\n\t\t\t\t<\/div>\n\t\t\t\t<\/div>\n\t\t\t\t\t<\/div>\n\t\t\t\t<\/div>\n\t\t<div class=\"elementor-element elementor-element-1441f7e e-flex e-con-boxed e-con e-parent\" data-id=\"1441f7e\" data-element_type=\"container\" data-e-type=\"container\" data-settings=\"{&quot;background_background&quot;:&quot;classic&quot;}\">\n\t\t\t\t\t<div class=\"e-con-inner\">\n\t\t<div class=\"elementor-element elementor-element-d3f4536 e-grid e-con-full e-con e-child\" data-id=\"d3f4536\" data-element_type=\"container\" data-e-type=\"container\" data-settings=\"{&quot;background_background&quot;:&quot;classic&quot;}\">\n\t\t<div class=\"elementor-element elementor-element-ad329ed e-con-full e-flex e-con e-child\" data-id=\"ad329ed\" data-element_type=\"container\" data-e-type=\"container\" data-settings=\"{&quot;background_background&quot;:&quot;classic&quot;,&quot;animation&quot;:&quot;none&quot;,&quot;animation_delay&quot;:1000}\">\n\t\t\t\t<div class=\"elementor-element elementor-element-ce50d16 elementor-widget elementor-widget-heading\" data-id=\"ce50d16\" data-element_type=\"widget\" data-e-type=\"widget\" data-widget_type=\"heading.default\">\n\t\t\t\t<div class=\"elementor-widget-container\">\n\t\t\t\t\t<h5 class=\"elementor-heading-title elementor-size-default\">Die GEFMA 445 zertifizierte L\u00f6sung<\/h5>\t\t\t\t<\/div>\n\t\t\t\t<\/div>\n\t\t\t\t<div class=\"elementor-element elementor-element-ae8a139 elementor-widget elementor-widget-heading\" data-id=\"ae8a139\" data-element_type=\"widget\" data-e-type=\"widget\" data-widget_type=\"heading.default\">\n\t\t\t\t<div class=\"elementor-widget-container\">\n\t\t\t\t\t<h2 class=\"elementor-heading-title elementor-size-default\">VITRICON<sup>\u00ae<\/sup> EMS <\/h2>\t\t\t\t<\/div>\n\t\t\t\t<\/div>\n\t\t\t\t<div class=\"elementor-element elementor-element-9bc691f elementor-widget elementor-widget-text-editor\" data-id=\"9bc691f\" data-element_type=\"widget\" data-e-type=\"widget\" data-widget_type=\"text-editor.default\">\n\t\t\t\t<div class=\"elementor-widget-container\">\n\t\t\t\t\t\t\t\t\t<ul><li data-start=\"1370\" data-end=\"1426\"><p data-start=\"1372\" data-end=\"1426\">Umfassende Erfassung und Analyse der Energieverbr\u00e4uche<\/p><\/li><li data-start=\"1427\" data-end=\"1480\"><p data-start=\"1429\" data-end=\"1480\">Identifikation und Umsetzung von Einsparpotenzialen<\/p><\/li><li data-start=\"1481\" data-end=\"1540\"><p data-start=\"1483\" data-end=\"1540\">Unterst\u00fctzung bei der Einhaltung von Normen und Standards<\/p><\/li><li data-start=\"1541\" data-end=\"1586\"><p data-start=\"1543\" data-end=\"1586\">\u00dcbersichtliche und aussagekr\u00e4ftige Berichte<\/p><\/li><\/ul>\t\t\t\t\t\t\t\t<\/div>\n\t\t\t\t<\/div>\n\t\t\t\t<div class=\"elementor-element elementor-element-859f7f6 elementor-widget elementor-widget-button\" data-id=\"859f7f6\" data-element_type=\"widget\" data-e-type=\"widget\" data-widget_type=\"button.default\">\n\t\t\t\t<div class=\"elementor-widget-container\">\n\t\t\t\t\t\t\t\t\t<div class=\"elementor-button-wrapper\">\n\t\t\t\t\t<a class=\"elementor-button elementor-button-link elementor-size-sm elementor-animation-shrink\" href=\"https:\/\/vitricon.com\/de\/demo-vereinbaren\/\">\n\t\t\t\t\t\t<span class=\"elementor-button-content-wrapper\">\n\t\t\t\t\t\t<span class=\"elementor-button-icon\">\n\t\t\t\t<i aria-hidden=\"true\" class=\"fas fa-arrow-right\"><\/i>\t\t\t<\/span>\n\t\t\t\t\t\t\t\t\t<span class=\"elementor-button-text\">Beratung vereinbaren<\/span>\n\t\t\t\t\t<\/span>\n\t\t\t\t\t<\/a>\n\t\t\t\t<\/div>\n\t\t\t\t\t\t\t\t<\/div>\n\t\t\t\t<\/div>\n\t\t\t\t<\/div>\n\t\t<div class=\"elementor-element elementor-element-07322c3 e-con-full e-flex e-con e-child\" data-id=\"07322c3\" data-element_type=\"container\" data-e-type=\"container\" data-settings=\"{&quot;background_background&quot;:&quot;classic&quot;,&quot;animation&quot;:&quot;none&quot;,&quot;animation_delay&quot;:1000}\">\n\t\t\t\t<div class=\"elementor-element elementor-element-d737fca elementor-flip-box--direction-left elementor-flip-box--effect-flip elementor-widget elementor-widget-flip-box\" data-id=\"d737fca\" data-element_type=\"widget\" data-e-type=\"widget\" data-widget_type=\"flip-box.default\">\n\t\t\t\t<div class=\"elementor-widget-container\">\n\t\t\t\t\t\t\t<div class=\"elementor-flip-box\" tabindex=\"0\">\n\t\t\t<div class=\"elementor-flip-box__layer elementor-flip-box__front\">\n\t\t\t\t<div class=\"elementor-flip-box__layer__overlay\">\n\t\t\t\t\t<div class=\"elementor-flip-box__layer__inner\">\n\t\t\t\t\t\t\t\t\t\t\t\t\t<div class=\"elementor-flip-box__image\">\n\t\t\t\t\t\t\t\t<img decoding=\"async\" width=\"600\" height=\"600\" src=\"https:\/\/vitricon.com\/wp-content\/uploads\/2025\/04\/EMS-NEU.png\" class=\"attachment-full size-full wp-image-11112\" alt=\"EMS\" srcset=\"https:\/\/vitricon.com\/wp-content\/uploads\/2025\/04\/EMS-NEU.png 600w, https:\/\/vitricon.com\/wp-content\/uploads\/2025\/04\/EMS-NEU-300x300.png 300w, https:\/\/vitricon.com\/wp-content\/uploads\/2025\/04\/EMS-NEU-150x150.png 150w\" sizes=\"(max-width: 600px) 100vw, 600px\" \/>\t\t\t\t\t\t\t<\/div>\n\t\t\t\t\t\t\n\t\t\t\t\t\t\t\t\t\t\t\t\t<h3 class=\"elementor-flip-box__layer__title\">\n\t\t\t\t\t\t\t\tVITRICON<sup>\u00ae<\/sup> EMS\t\t\t\t\t\t\t<\/h3>\n\t\t\t\t\t\t\n\t\t\t\t\t\t\t\t\t\t\t\t\t<div class=\"elementor-flip-box__layer__description\">\n\t\t\t\t\t\t\t\tL\u00f6sungen f\u00fcr das Energiedatenmanagement<br>\nZertifizierte FM-Software nach GEFMA 445\t\t\t\t\t\t\t<\/div>\n\t\t\t\t\t\t\t\t\t\t\t<\/div>\n\t\t\t\t<\/div>\n\t\t\t<\/div>\n\t\t\t<div class=\"elementor-flip-box__layer elementor-flip-box__back\">\n\t\t\t<div class=\"elementor-flip-box__layer__overlay\">\n\t\t\t\t<div class=\"elementor-flip-box__layer__inner\">\n\t\t\t\t\t\n\t\t\t\t\t\t\t\t\t\t\t<div class=\"elementor-flip-box__layer__description\">\n\t\t\t\t\t\t\t<b>FUNKTIONEN<\/b><br>\nAnlagenverwaltung, Z\u00e4hlerverwaltung, Auswertungsbaukasten und Kennzahlen, Plausibilit\u00e4tspr\u00fcfung, Automatisierung, Energie&shy;monitoring und -analyse, CO2-Bilanzierung, Effizienzsteigerung, Energiespeichermanagement, Berichte und Dokumentation\t\t\t\t\t\t<\/div>\n\t\t\t\t\t\n\t\t\t\t\t\t\t\t\t\t\t<a class=\"elementor-flip-box__button elementor-button elementor-size-sm\" href=\"https:\/\/vitricon.com\/de\/plattform\/module\/vitricon-ems\/\">\n\t\t\t\t\t\t\tZum Modul\t\t\t\t\t\t<\/a>\n\t\t\t\t\t\t\t\t<\/div>\n\t\t<\/div>\n\t\t<\/div>\n\t\t<\/div>\n\t\t\t\t\t\t<\/div>\n\t\t\t\t<\/div>\n\t\t\t\t<\/div>\n\t\t\t\t<\/div>\n\t\t\t\t\t<\/div>\n\t\t\t\t<\/div>\n\t\t<div class=\"elementor-element elementor-element-68c3fca e-flex e-con-boxed e-con e-parent\" data-id=\"68c3fca\" data-element_type=\"container\" data-e-type=\"container\" data-settings=\"{&quot;background_background&quot;:&quot;classic&quot;}\">\n\t\t\t\t\t<div class=\"e-con-inner\">\n\t\t<div class=\"elementor-element elementor-element-baf937e e-con-full e-flex e-con e-child\" data-id=\"baf937e\" data-element_type=\"container\" data-e-type=\"container\">\n\t\t\t\t<div class=\"elementor-element elementor-element-dd699a1 elementor-widget elementor-widget-heading\" data-id=\"dd699a1\" data-element_type=\"widget\" data-e-type=\"widget\" data-widget_type=\"heading.default\">\n\t\t\t\t<div class=\"elementor-widget-container\">\n\t\t\t\t\t<h5 class=\"elementor-heading-title elementor-size-default\">KOSTENLOS TESTEN<\/h5>\t\t\t\t<\/div>\n\t\t\t\t<\/div>\n\t\t\t\t<div class=\"elementor-element elementor-element-aaa91b9 elementor-widget elementor-widget-heading\" data-id=\"aaa91b9\" data-element_type=\"widget\" data-e-type=\"widget\" data-widget_type=\"heading.default\">\n\t\t\t\t<div class=\"elementor-widget-container\">\n\t\t\t\t\t<h2 class=\"elementor-heading-title elementor-size-default\">Entscheiden Sie sich noch heute f\u00fcr VITRICON<sup>\u00ae<\/sup><\/h2>\t\t\t\t<\/div>\n\t\t\t\t<\/div>\n\t\t<div class=\"elementor-element elementor-element-d2d2f74 e-con-full e-flex e-con e-child\" data-id=\"d2d2f74\" data-element_type=\"container\" data-e-type=\"container\">\n\t\t<div class=\"elementor-element elementor-element-0c08f0e e-flex e-con-boxed e-con e-child\" data-id=\"0c08f0e\" data-element_type=\"container\" data-e-type=\"container\">\n\t\t\t\t\t<div class=\"e-con-inner\">\n\t\t\t\t<div class=\"elementor-element elementor-element-b24ba8d elementor-widget__width-initial elementor-view-default elementor-position-block-start elementor-mobile-position-block-start elementor-widget elementor-widget-icon-box\" data-id=\"b24ba8d\" data-element_type=\"widget\" data-e-type=\"widget\" data-widget_type=\"icon-box.default\">\n\t\t\t\t<div class=\"elementor-widget-container\">\n\t\t\t\t\t\t\t<div class=\"elementor-icon-box-wrapper\">\n\n\t\t\t\t\t\t<div class=\"elementor-icon-box-icon\">\n\t\t\t\t<span  class=\"elementor-icon\">\n\t\t\t\t<i aria-hidden=\"true\" class=\"fas fa-check-circle\"><\/i>\t\t\t\t<\/span>\n\t\t\t<\/div>\n\t\t\t\n\t\t\t\t\t\t<div class=\"elementor-icon-box-content\">\n\n\t\t\t\t\t\t\t\t\t<h3 class=\"elementor-icon-box-title\">\n\t\t\t\t\t\t<span  >\n\t\t\t\t\t\t\tTesten Sie alle Funktionen\t\t\t\t\t\t<\/span>\n\t\t\t\t\t<\/h3>\n\t\t\t\t\n\t\t\t\t\t\t\t\t\t<p class=\"elementor-icon-box-description\">\n\t\t\t\t\t\tohne Einschr\u00e4nkungen 30 Tage kostenlos!\t\t\t\t\t<\/p>\n\t\t\t\t\n\t\t\t<\/div>\n\t\t\t\n\t\t<\/div>\n\t\t\t\t\t\t<\/div>\n\t\t\t\t<\/div>\n\t\t\t\t\t<\/div>\n\t\t\t\t<\/div>\n\t\t<div class=\"elementor-element elementor-element-2530dd3 e-con-full e-flex e-con e-child\" data-id=\"2530dd3\" data-element_type=\"container\" data-e-type=\"container\">\n\t\t\t\t<div class=\"elementor-element elementor-element-0489292 elementor-widget__width-initial elementor-view-default elementor-position-block-start elementor-mobile-position-block-start elementor-widget elementor-widget-icon-box\" data-id=\"0489292\" data-element_type=\"widget\" data-e-type=\"widget\" data-widget_type=\"icon-box.default\">\n\t\t\t\t<div class=\"elementor-widget-container\">\n\t\t\t\t\t\t\t<div class=\"elementor-icon-box-wrapper\">\n\n\t\t\t\t\t\t<div class=\"elementor-icon-box-icon\">\n\t\t\t\t<span  class=\"elementor-icon\">\n\t\t\t\t<i aria-hidden=\"true\" class=\"fas fa-check-circle\"><\/i>\t\t\t\t<\/span>\n\t\t\t<\/div>\n\t\t\t\n\t\t\t\t\t\t<div class=\"elementor-icon-box-content\">\n\n\t\t\t\t\t\t\t\t\t<h3 class=\"elementor-icon-box-title\">\n\t\t\t\t\t\t<span  >\n\t\t\t\t\t\t\tApp sofort nutzen\t\t\t\t\t\t<\/span>\n\t\t\t\t\t<\/h3>\n\t\t\t\t\n\t\t\t\t\t\t\t\t\t<p class=\"elementor-icon-box-description\">\n\t\t\t\t\t\tam Computer, Tablet oder Smartphone\t\t\t\t\t<\/p>\n\t\t\t\t\n\t\t\t<\/div>\n\t\t\t\n\t\t<\/div>\n\t\t\t\t\t\t<\/div>\n\t\t\t\t<\/div>\n\t\t\t\t<\/div>\n\t\t<div class=\"elementor-element elementor-element-f4b8bfa e-con-full e-flex e-con e-child\" data-id=\"f4b8bfa\" data-element_type=\"container\" data-e-type=\"container\">\n\t\t\t\t<div class=\"elementor-element elementor-element-54635f4 elementor-widget__width-initial elementor-view-default elementor-position-block-start elementor-mobile-position-block-start elementor-widget elementor-widget-icon-box\" data-id=\"54635f4\" data-element_type=\"widget\" data-e-type=\"widget\" data-widget_type=\"icon-box.default\">\n\t\t\t\t<div class=\"elementor-widget-container\">\n\t\t\t\t\t\t\t<div class=\"elementor-icon-box-wrapper\">\n\n\t\t\t\t\t\t<div class=\"elementor-icon-box-icon\">\n\t\t\t\t<span  class=\"elementor-icon\">\n\t\t\t\t<i aria-hidden=\"true\" class=\"fas fa-check-circle\"><\/i>\t\t\t\t<\/span>\n\t\t\t<\/div>\n\t\t\t\n\t\t\t\t\t\t<div class=\"elementor-icon-box-content\">\n\n\t\t\t\t\t\t\t\t\t<h3 class=\"elementor-icon-box-title\">\n\t\t\t\t\t\t<span  >\n\t\t\t\t\t\t\tV\u00f6llig risikofrei\t\t\t\t\t\t<\/span>\n\t\t\t\t\t<\/h3>\n\t\t\t\t\n\t\t\t\t\t\t\t\t\t<p class=\"elementor-icon-box-description\">\n\t\t\t\t\t\tIhr Zugang endet automatisch!\t\t\t\t\t<\/p>\n\t\t\t\t\n\t\t\t<\/div>\n\t\t\t\n\t\t<\/div>\n\t\t\t\t\t\t<\/div>\n\t\t\t\t<\/div>\n\t\t\t\t<\/div>\n\t\t\t\t<\/div>\n\t\t\t\t<\/div>\n\t\t<div class=\"elementor-element elementor-element-16ae576 e-con-full e-flex e-con e-child\" data-id=\"16ae576\" data-element_type=\"container\" data-e-type=\"container\">\n\t\t\t\t<div class=\"elementor-element elementor-element-7283246 elementor-widget elementor-widget-button\" data-id=\"7283246\" data-element_type=\"widget\" data-e-type=\"widget\" data-widget_type=\"button.default\">\n\t\t\t\t<div class=\"elementor-widget-container\">\n\t\t\t\t\t\t\t\t\t<div class=\"elementor-button-wrapper\">\n\t\t\t\t\t<a class=\"elementor-button elementor-button-link elementor-size-sm elementor-animation-shrink\" href=\"https:\/\/vitricon.com\/de\/kontakt\/kontakt\/kostenlos-testen\/\">\n\t\t\t\t\t\t<span class=\"elementor-button-content-wrapper\">\n\t\t\t\t\t\t<span class=\"elementor-button-icon\">\n\t\t\t\t<i aria-hidden=\"true\" class=\"fas fa-arrow-right\"><\/i>\t\t\t<\/span>\n\t\t\t\t\t\t\t\t\t<span class=\"elementor-button-text\">Kostenlos testen<\/span>\n\t\t\t\t\t<\/span>\n\t\t\t\t\t<\/a>\n\t\t\t\t<\/div>\n\t\t\t\t\t\t\t\t<\/div>\n\t\t\t\t<\/div>\n\t\t\t\t<div class=\"elementor-element elementor-element-075c0ec elementor-widget elementor-widget-button\" data-id=\"075c0ec\" data-element_type=\"widget\" data-e-type=\"widget\" data-widget_type=\"button.default\">\n\t\t\t\t<div class=\"elementor-widget-container\">\n\t\t\t\t\t\t\t\t\t<div class=\"elementor-button-wrapper\">\n\t\t\t\t\t<a class=\"elementor-button elementor-button-link elementor-size-sm elementor-animation-shrink\" href=\"https:\/\/vitricon.com\/de\/kontakt\/kontakt\/demo-vereinbaren\/\">\n\t\t\t\t\t\t<span class=\"elementor-button-content-wrapper\">\n\t\t\t\t\t\t<span class=\"elementor-button-icon\">\n\t\t\t\t<i aria-hidden=\"true\" class=\"fas fa-arrow-right\"><\/i>\t\t\t<\/span>\n\t\t\t\t\t\t\t\t\t<span class=\"elementor-button-text\">Beratung vereinbaren<\/span>\n\t\t\t\t\t<\/span>\n\t\t\t\t\t<\/a>\n\t\t\t\t<\/div>\n\t\t\t\t\t\t\t\t<\/div>\n\t\t\t\t<\/div>\n\t\t\t\t<\/div>\n\t\t\t\t\t<\/div>\n\t\t\t\t<\/div>\n\t\t\t\t<\/div>\n\t\t","protected":false},"excerpt":{"rendered":"<p>Energiemanagement nach GEFMA 445 Energieeffizienz auf h\u00f6chstem Niveau \u2013 mit VITRICON\u00ae und GEFMA 445.VITRICON\u00ae unterst\u00fctzt Sie dabei, Ihre Energieverbr\u00e4uche optimal zu steuern und nachhaltig zu reduzieren. Home | L\u00f6sungen | Energiemanagement | Energiemanagement nach GEFMA 445 GEFMA 445 Der GEFMA 445 Standard definiert Anforderungen und Best Practices f\u00fcr ein effizientes Energiemanagement in Unternehmen. Er hilft [&hellip;]<\/p>\n","protected":false},"author":1,"featured_media":0,"parent":9434,"menu_order":1,"comment_status":"closed","ping_status":"closed","template":"","meta":{"_angie_page":false,"inline_featured_image":false,"footnotes":""},"folder":[87],"class_list":["post-12113","page","type-page","status-publish","hentry"],"_links":{"self":[{"href":"https:\/\/vitricon.com\/de\/wp-json\/wp\/v2\/pages\/12113","targetHints":{"allow":["GET"]}}],"collection":[{"href":"https:\/\/vitricon.com\/de\/wp-json\/wp\/v2\/pages"}],"about":[{"href":"https:\/\/vitricon.com\/de\/wp-json\/wp\/v2\/types\/page"}],"author":[{"embeddable":true,"href":"https:\/\/vitricon.com\/de\/wp-json\/wp\/v2\/users\/1"}],"replies":[{"embeddable":true,"href":"https:\/\/vitricon.com\/de\/wp-json\/wp\/v2\/comments?post=12113"}],"version-history":[{"count":10,"href":"https:\/\/vitricon.com\/de\/wp-json\/wp\/v2\/pages\/12113\/revisions"}],"predecessor-version":[{"id":13997,"href":"https:\/\/vitricon.com\/de\/wp-json\/wp\/v2\/pages\/12113\/revisions\/13997"}],"up":[{"embeddable":true,"href":"https:\/\/vitricon.com\/de\/wp-json\/wp\/v2\/pages\/9434"}],"wp:attachment":[{"href":"https:\/\/vitricon.com\/de\/wp-json\/wp\/v2\/media?parent=12113"}],"wp:term":[{"taxonomy":"folder","embeddable":true,"href":"https:\/\/vitricon.com\/de\/wp-json\/wp\/v2\/folder?post=12113"}],"curies":[{"name":"wp","href":"https:\/\/api.w.org\/{rel}","templated":true}]}}