{"id":12146,"date":"2025-06-13T15:14:16","date_gmt":"2025-06-13T15:14:16","guid":{"rendered":"https:\/\/vitricon.com\/?page_id=12146"},"modified":"2026-03-09T07:31:46","modified_gmt":"2026-03-09T07:31:46","slug":"energiespeichermanagement","status":"publish","type":"page","link":"https:\/\/vitricon.com\/de\/loesungen\/energiemanagement\/energiespeichermanagement\/","title":{"rendered":"Energiespeichermanagement"},"content":{"rendered":"\t\t<div data-elementor-type=\"wp-page\" data-elementor-id=\"12146\" class=\"elementor elementor-12146\" data-elementor-post-type=\"page\">\n\t\t\t\t<div class=\"elementor-element elementor-element-9c9ca5a e-flex e-con-boxed e-con e-parent\" data-id=\"9c9ca5a\" data-element_type=\"container\" data-e-type=\"container\" data-settings=\"{&quot;background_background&quot;:&quot;classic&quot;}\">\n\t\t\t\t\t<div class=\"e-con-inner\">\n\t\t<div class=\"elementor-element elementor-element-6f42fc5 e-flex e-con-boxed e-con e-child\" data-id=\"6f42fc5\" data-element_type=\"container\" data-e-type=\"container\">\n\t\t\t\t\t<div class=\"e-con-inner\">\n\t\t\t\t<div class=\"elementor-element elementor-element-3413578 elementor-widget__width-initial elementor-widget elementor-widget-heading\" data-id=\"3413578\" data-element_type=\"widget\" data-e-type=\"widget\" data-widget_type=\"heading.default\">\n\t\t\t\t<div class=\"elementor-widget-container\">\n\t\t\t\t\t<h2 class=\"elementor-heading-title elementor-size-default\">Energiespeichermanagement<\/h2>\t\t\t\t<\/div>\n\t\t\t\t<\/div>\n\t\t\t\t<div class=\"elementor-element elementor-element-fc974f4 elementor-widget__width-initial elementor-widget-laptop__width-initial elementor-widget-tablet_extra__width-initial elementor-widget-tablet__width-initial elementor-widget-mobile_extra__width-initial elementor-widget elementor-widget-text-editor\" data-id=\"fc974f4\" data-element_type=\"widget\" data-e-type=\"widget\" data-widget_type=\"text-editor.default\">\n\t\t\t\t<div class=\"elementor-widget-container\">\n\t\t\t\t\t\t\t\t\t<p><strong>Energie intelligent speichern \u2013 Lastspitzen vermeiden, Autarkie steigern.<\/strong><br data-start=\"300\" data-end=\"303\" \/>Mit VITRICON<sup>\u00ae<\/sup> steuern Sie Ihre Speichertechnik datenbasiert und wirtschaftlich \u2013 f\u00fcr maximale Eigenverbrauchsquote, stabile Netznutzung und nachhaltigen Betrieb.<\/p>\t\t\t\t\t\t\t\t<\/div>\n\t\t\t\t<\/div>\n\t\t\t\t\t<\/div>\n\t\t\t\t<\/div>\n\t\t\t\t\t<\/div>\n\t\t\t\t<\/div>\n\t\t<div class=\"elementor-element elementor-element-3d13cc2 e-flex e-con-boxed e-con e-parent\" data-id=\"3d13cc2\" data-element_type=\"container\" data-e-type=\"container\" data-settings=\"{&quot;background_background&quot;:&quot;classic&quot;}\">\n\t\t\t\t\t<div class=\"e-con-inner\">\n\t\t<div class=\"elementor-element elementor-element-2a8eafb e-flex e-con-boxed e-con e-child\" data-id=\"2a8eafb\" data-element_type=\"container\" data-e-type=\"container\">\n\t\t\t\t\t<div class=\"e-con-inner\">\n\t\t\t\t<div class=\"elementor-element elementor-element-d55d16d elementor-widget elementor-widget-text-editor\" data-id=\"d55d16d\" data-element_type=\"widget\" data-e-type=\"widget\" data-widget_type=\"text-editor.default\">\n\t\t\t\t<div class=\"elementor-widget-container\">\n\t\t\t\t\t\t\t\t\t<p><a href=\"\/\">Home<\/a> | <a href=\"https:\/\/vitricon.com\/de\/loesungen\/\">L\u00f6sungen<\/a> | <a href=\"https:\/\/vitricon.com\/de\/loesungen\/energiemanagement\/\">Energiemanagement<\/a> | Energiespeichermanagement<\/p>\t\t\t\t\t\t\t\t<\/div>\n\t\t\t\t<\/div>\n\t\t\t\t\t<\/div>\n\t\t\t\t<\/div>\n\t\t\t\t\t<\/div>\n\t\t\t\t<\/div>\n\t\t<div class=\"elementor-element elementor-element-12be386 e-flex e-con-boxed e-con e-parent\" data-id=\"12be386\" data-element_type=\"container\" data-e-type=\"container\" data-settings=\"{&quot;background_background&quot;:&quot;classic&quot;}\">\n\t\t\t\t\t<div class=\"e-con-inner\">\n\t\t<div class=\"elementor-element elementor-element-dd068c4 e-con-full e-flex e-con e-child\" data-id=\"dd068c4\" data-element_type=\"container\" data-e-type=\"container\">\n\t\t\t\t<div class=\"elementor-element elementor-element-665e3d5 elementor-widget elementor-widget-heading\" data-id=\"665e3d5\" data-element_type=\"widget\" data-e-type=\"widget\" data-widget_type=\"heading.default\">\n\t\t\t\t<div class=\"elementor-widget-container\">\n\t\t\t\t\t<h2 class=\"elementor-heading-title elementor-size-default\">Die Herausforderungen beim Energiespeichermanagement<\/h2>\t\t\t\t<\/div>\n\t\t\t\t<\/div>\n\t\t\t\t<div class=\"elementor-element elementor-element-4cfbabe elementor-widget elementor-widget-heading\" data-id=\"4cfbabe\" data-element_type=\"widget\" data-e-type=\"widget\" data-widget_type=\"heading.default\">\n\t\t\t\t<div class=\"elementor-widget-container\">\n\t\t\t\t\t<h2 class=\"elementor-heading-title elementor-size-default\">Die Probleme<\/h2>\t\t\t\t<\/div>\n\t\t\t\t<\/div>\n\t\t<div class=\"elementor-element elementor-element-2fc4a00 e-grid e-con-full e-con e-child\" data-id=\"2fc4a00\" data-element_type=\"container\" data-e-type=\"container\">\n\t\t\t\t<div class=\"elementor-element elementor-element-3ef6d6b elementor-widget elementor-widget-text-editor\" data-id=\"3ef6d6b\" data-element_type=\"widget\" data-e-type=\"widget\" data-widget_type=\"text-editor.default\">\n\t\t\t\t<div class=\"elementor-widget-container\">\n\t\t\t\t\t\t\t\t\t<p>Speicherl\u00f6sungen wie Batteriesysteme oder thermische Speicher bieten gro\u00dfe Potenziale \u2013 doch viele Betreiber nutzen diese nicht optimal.<\/p><p>H\u00e4ufig fehlen ein intelligentes Lademanagement, Transparenz \u00fcber Lade- und Entladezyklen sowie eine abgestimmte Steuerung mit Verbrauch, Erzeugung und Netzeinspeisung.<\/p><p>Ohne ein durchdachtes Speichermanagement bleiben Effizienz und Wirtschaftlichkeit auf der Strecke.<\/p>\t\t\t\t\t\t\t\t<\/div>\n\t\t\t\t<\/div>\n\t\t\t\t<div class=\"elementor-element elementor-element-0de3623 elementor-widget elementor-widget-text-editor\" data-id=\"0de3623\" data-element_type=\"widget\" data-e-type=\"widget\" data-widget_type=\"text-editor.default\">\n\t\t\t\t<div class=\"elementor-widget-container\">\n\t\t\t\t\t\t\t\t\t<p>[!]\u00a0Keine Transparenz \u00fcber Lade- und Entladezust\u00e4nde<\/p><p>[!]\u00a0Fehlende Abstimmung mit PV-Erzeugung oder Verbrauchsprofilen<\/p><p>[!]\u00a0Unn\u00f6tige Einspeisung trotz Speicherreserven<\/p><p>[!]\u00a0Verpasste Nutzung von Preis- und Lastspitzenmanagement<\/p><p>[!]\u00a0Keine Optimierung der Autarkiequote<\/p>\t\t\t\t\t\t\t\t<\/div>\n\t\t\t\t<\/div>\n\t\t\t\t<\/div>\n\t\t\t\t<\/div>\n\t\t\t\t\t<\/div>\n\t\t\t\t<\/div>\n\t\t<div class=\"elementor-element elementor-element-b60da00 e-flex e-con-boxed e-con e-parent\" data-id=\"b60da00\" data-element_type=\"container\" data-e-type=\"container\" data-settings=\"{&quot;background_background&quot;:&quot;classic&quot;}\">\n\t\t\t\t\t<div class=\"e-con-inner\">\n\t\t<div class=\"elementor-element elementor-element-e0c5378 e-con-full e-flex e-con e-child\" data-id=\"e0c5378\" data-element_type=\"container\" data-e-type=\"container\">\n\t\t\t\t<div class=\"elementor-element elementor-element-b1ad6dc elementor-widget elementor-widget-heading\" data-id=\"b1ad6dc\" data-element_type=\"widget\" data-e-type=\"widget\" data-widget_type=\"heading.default\">\n\t\t\t\t<div class=\"elementor-widget-container\">\n\t\t\t\t\t<h2 class=\"elementor-heading-title elementor-size-default\">Die L\u00f6sung<\/h2>\t\t\t\t<\/div>\n\t\t\t\t<\/div>\n\t\t<div class=\"elementor-element elementor-element-c5bfab2 e-grid e-con-full e-con e-child\" data-id=\"c5bfab2\" data-element_type=\"container\" data-e-type=\"container\">\n\t\t<div class=\"elementor-element elementor-element-34e8b68 e-con-full e-flex e-con e-child\" data-id=\"34e8b68\" data-element_type=\"container\" data-e-type=\"container\">\n\t\t\t\t<div class=\"elementor-element elementor-element-13b563c elementor-widget__width-initial elementor-widget elementor-widget-text-editor\" data-id=\"13b563c\" data-element_type=\"widget\" data-e-type=\"widget\" data-widget_type=\"text-editor.default\">\n\t\t\t\t<div class=\"elementor-widget-container\">\n\t\t\t\t\t\t\t\t\t<p>VITRICON<sup>\u00ae<\/sup> verkn\u00fcpft Ihre Speichertechnologie mit Echtzeitdaten aus Verbrauch, Erzeugung und Energiemarkt \u2013 und schafft so eine smarte Steuerung Ihres Speichersystems.<\/p><p>Mit intelligentem Lademanagement, grafischer Ladezustandsanzeige und automatisierten Regeln zur Lastverlagerung optimieren Sie Ihre Energiefl\u00fcsse und senken Kosten.<\/p><p>Ideal f\u00fcr Gewerbe, Kommunen und Betreiber mit PV-Anlagen, Blockheizkraftwerken oder variablen Lastprofilen.<\/p>\t\t\t\t\t\t\t\t<\/div>\n\t\t\t\t<\/div>\n\t\t\t\t<\/div>\n\t\t<div class=\"elementor-element elementor-element-e1035d8 e-con-full e-flex e-con e-child\" data-id=\"e1035d8\" data-element_type=\"container\" data-e-type=\"container\">\n\t\t\t\t<div class=\"elementor-element elementor-element-28f5bbb elementor-widget__width-initial elementor-widget elementor-widget-text-editor\" data-id=\"28f5bbb\" data-element_type=\"widget\" data-e-type=\"widget\" data-widget_type=\"text-editor.default\">\n\t\t\t\t<div class=\"elementor-widget-container\">\n\t\t\t\t\t\t\t\t\t<p>[\u2713]\u00a0<span data-contrast=\"auto\">Verwaltung der Speicher und Lager<\/span><span data-ccp-props=\"{}\">\u00a0<\/span><\/p><p><span data-contrast=\"auto\">[\u2713]\u00a0Energiecluster und Smart Grids<\/span><span data-ccp-props=\"{}\">\u00a0<\/span><\/p><p><span data-contrast=\"auto\">[\u2713]\u00a0Optimierung der Lade- und Entladezeiten<\/span><span data-ccp-props=\"{}\">\u00a0<\/span><\/p><p><span data-contrast=\"auto\">[\u2713]\u00a0Optimierung der Speichergr\u00f6\u00dfen\u00a0<\/span><span data-ccp-props=\"{}\">\u00a0<\/span><\/p><p><span data-contrast=\"auto\">[\u2713]\u00a0Messung und Optimierung des Autarkiegrades<\/span>\u00a0<br \/><span data-ccp-props=\"{}\">\u00a0<\/span><\/p>\t\t\t\t\t\t\t\t<\/div>\n\t\t\t\t<\/div>\n\t\t\t\t<\/div>\n\t\t\t\t<\/div>\n\t\t\t\t<\/div>\n\t\t\t\t\t<\/div>\n\t\t\t\t<\/div>\n\t\t<div class=\"elementor-element elementor-element-472322c e-flex e-con-boxed e-con e-parent\" data-id=\"472322c\" data-element_type=\"container\" data-e-type=\"container\" data-settings=\"{&quot;background_background&quot;:&quot;classic&quot;}\">\n\t\t\t\t\t<div class=\"e-con-inner\">\n\t\t<div class=\"elementor-element elementor-element-817f73e e-grid e-con-full e-con e-child\" data-id=\"817f73e\" data-element_type=\"container\" data-e-type=\"container\" data-settings=\"{&quot;background_background&quot;:&quot;classic&quot;}\">\n\t\t<div class=\"elementor-element elementor-element-a5256ac e-con-full e-flex e-con e-child\" data-id=\"a5256ac\" data-element_type=\"container\" data-e-type=\"container\" data-settings=\"{&quot;background_background&quot;:&quot;classic&quot;,&quot;animation&quot;:&quot;none&quot;,&quot;animation_delay&quot;:1000}\">\n\t\t\t\t<div class=\"elementor-element elementor-element-2bb7761 elementor-widget elementor-widget-heading\" data-id=\"2bb7761\" data-element_type=\"widget\" data-e-type=\"widget\" data-widget_type=\"heading.default\">\n\t\t\t\t<div class=\"elementor-widget-container\">\n\t\t\t\t\t<h5 class=\"elementor-heading-title elementor-size-default\">Die GEFMA 445 zertifizierte L\u00f6sung<\/h5>\t\t\t\t<\/div>\n\t\t\t\t<\/div>\n\t\t\t\t<div class=\"elementor-element elementor-element-9379763 elementor-widget elementor-widget-heading\" data-id=\"9379763\" data-element_type=\"widget\" data-e-type=\"widget\" data-widget_type=\"heading.default\">\n\t\t\t\t<div class=\"elementor-widget-container\">\n\t\t\t\t\t<h2 class=\"elementor-heading-title elementor-size-default\">VITRICON<sup>\u00ae<\/sup> EMS <\/h2>\t\t\t\t<\/div>\n\t\t\t\t<\/div>\n\t\t\t\t<div class=\"elementor-element elementor-element-5874bbc elementor-widget elementor-widget-text-editor\" data-id=\"5874bbc\" data-element_type=\"widget\" data-e-type=\"widget\" data-widget_type=\"text-editor.default\">\n\t\t\t\t<div class=\"elementor-widget-container\">\n\t\t\t\t\t\t\t\t\t<ul><li data-start=\"1785\" data-end=\"1844\"><p data-start=\"1787\" data-end=\"1844\">Echtzeit\u00fcberwachung von Ladezustand und Speichernutzung<\/p><\/li><li data-start=\"1845\" data-end=\"1905\"><p data-start=\"1847\" data-end=\"1905\">Intelligente Steuerung f\u00fcr maximale Eigenverbrauchsquote<\/p><\/li><li data-start=\"1906\" data-end=\"1958\"><p data-start=\"1908\" data-end=\"1958\">Lastspitzen vermeiden, Netznutzung stabilisieren<\/p><\/li><li data-start=\"1959\" data-end=\"2001\"><p data-start=\"1961\" data-end=\"2001\">Automatisierte Lade-\/Entladestrategien<\/p><\/li><li data-start=\"2002\" data-end=\"2058\"><p data-start=\"2004\" data-end=\"2058\">Integration von PV, BHKW, W\u00e4rmepumpen oder Netzstrom<\/p><\/li><li data-start=\"2059\" data-end=\"2104\"><p data-start=\"2061\" data-end=\"2104\">Nachhaltige Optimierung der Energieautarkie<\/p><\/li><\/ul>\t\t\t\t\t\t\t\t<\/div>\n\t\t\t\t<\/div>\n\t\t\t\t<div class=\"elementor-element elementor-element-0ca5ef8 elementor-widget elementor-widget-button\" data-id=\"0ca5ef8\" data-element_type=\"widget\" data-e-type=\"widget\" data-widget_type=\"button.default\">\n\t\t\t\t<div class=\"elementor-widget-container\">\n\t\t\t\t\t\t\t\t\t<div class=\"elementor-button-wrapper\">\n\t\t\t\t\t<a class=\"elementor-button elementor-button-link elementor-size-sm elementor-animation-shrink\" href=\"https:\/\/vitricon.com\/de\/demo-vereinbaren\/\">\n\t\t\t\t\t\t<span class=\"elementor-button-content-wrapper\">\n\t\t\t\t\t\t<span class=\"elementor-button-icon\">\n\t\t\t\t<i aria-hidden=\"true\" class=\"fas fa-arrow-right\"><\/i>\t\t\t<\/span>\n\t\t\t\t\t\t\t\t\t<span class=\"elementor-button-text\">Beratung vereinbaren<\/span>\n\t\t\t\t\t<\/span>\n\t\t\t\t\t<\/a>\n\t\t\t\t<\/div>\n\t\t\t\t\t\t\t\t<\/div>\n\t\t\t\t<\/div>\n\t\t\t\t<\/div>\n\t\t<div class=\"elementor-element elementor-element-29416af e-con-full e-flex e-con e-child\" data-id=\"29416af\" data-element_type=\"container\" data-e-type=\"container\" data-settings=\"{&quot;background_background&quot;:&quot;classic&quot;,&quot;animation&quot;:&quot;none&quot;,&quot;animation_delay&quot;:1000}\">\n\t\t\t\t<div class=\"elementor-element elementor-element-5cd0caf elementor-flip-box--direction-left elementor-flip-box--effect-flip elementor-widget elementor-widget-flip-box\" data-id=\"5cd0caf\" data-element_type=\"widget\" data-e-type=\"widget\" data-widget_type=\"flip-box.default\">\n\t\t\t\t<div class=\"elementor-widget-container\">\n\t\t\t\t\t\t\t<div class=\"elementor-flip-box\" tabindex=\"0\">\n\t\t\t<div class=\"elementor-flip-box__layer elementor-flip-box__front\">\n\t\t\t\t<div class=\"elementor-flip-box__layer__overlay\">\n\t\t\t\t\t<div class=\"elementor-flip-box__layer__inner\">\n\t\t\t\t\t\t\t\t\t\t\t\t\t<div class=\"elementor-flip-box__image\">\n\t\t\t\t\t\t\t\t<img fetchpriority=\"high\" decoding=\"async\" width=\"600\" height=\"600\" src=\"https:\/\/vitricon.com\/wp-content\/uploads\/2025\/04\/EMS-NEU.png\" class=\"attachment-full size-full wp-image-11112\" alt=\"EMS\" srcset=\"https:\/\/vitricon.com\/wp-content\/uploads\/2025\/04\/EMS-NEU.png 600w, https:\/\/vitricon.com\/wp-content\/uploads\/2025\/04\/EMS-NEU-300x300.png 300w, https:\/\/vitricon.com\/wp-content\/uploads\/2025\/04\/EMS-NEU-150x150.png 150w\" sizes=\"(max-width: 600px) 100vw, 600px\" \/>\t\t\t\t\t\t\t<\/div>\n\t\t\t\t\t\t\n\t\t\t\t\t\t\t\t\t\t\t\t\t<h3 class=\"elementor-flip-box__layer__title\">\n\t\t\t\t\t\t\t\tVITRICON<sup>\u00ae<\/sup> EMS\t\t\t\t\t\t\t<\/h3>\n\t\t\t\t\t\t\n\t\t\t\t\t\t\t\t\t\t\t\t\t<div class=\"elementor-flip-box__layer__description\">\n\t\t\t\t\t\t\t\tL\u00f6sungen f\u00fcr das Energiedatenmanagement<br>\nZertifizierte FM-Software nach GEFMA 445\t\t\t\t\t\t\t<\/div>\n\t\t\t\t\t\t\t\t\t\t\t<\/div>\n\t\t\t\t<\/div>\n\t\t\t<\/div>\n\t\t\t<div class=\"elementor-flip-box__layer elementor-flip-box__back\">\n\t\t\t<div class=\"elementor-flip-box__layer__overlay\">\n\t\t\t\t<div class=\"elementor-flip-box__layer__inner\">\n\t\t\t\t\t\n\t\t\t\t\t\t\t\t\t\t\t<div class=\"elementor-flip-box__layer__description\">\n\t\t\t\t\t\t\t<b>FUNKTIONEN<\/b><br>\nAnlagenverwaltung, Z\u00e4hlerverwaltung, Auswertungsbaukasten und Kennzahlen, Plausibilit\u00e4tspr\u00fcfung, Automatisierung, Energie&shy;monitoring und -analyse, CO2-Bilanzierung, Effizienzsteigerung, Energiespeichermanagement, Berichte und Dokumentation\t\t\t\t\t\t<\/div>\n\t\t\t\t\t\n\t\t\t\t\t\t\t\t\t\t\t<a class=\"elementor-flip-box__button elementor-button elementor-size-sm\" href=\"https:\/\/vitricon.com\/de\/plattform\/module\/vitricon-ems\/\">\n\t\t\t\t\t\t\tZum Modul\t\t\t\t\t\t<\/a>\n\t\t\t\t\t\t\t\t<\/div>\n\t\t<\/div>\n\t\t<\/div>\n\t\t<\/div>\n\t\t\t\t\t\t<\/div>\n\t\t\t\t<\/div>\n\t\t\t\t<\/div>\n\t\t\t\t<\/div>\n\t\t\t\t\t<\/div>\n\t\t\t\t<\/div>\n\t\t<div class=\"elementor-element elementor-element-68c3fca e-flex e-con-boxed e-con e-parent\" data-id=\"68c3fca\" data-element_type=\"container\" data-e-type=\"container\" data-settings=\"{&quot;background_background&quot;:&quot;classic&quot;}\">\n\t\t\t\t\t<div class=\"e-con-inner\">\n\t\t<div class=\"elementor-element elementor-element-baf937e e-con-full e-flex e-con e-child\" data-id=\"baf937e\" data-element_type=\"container\" data-e-type=\"container\">\n\t\t\t\t<div class=\"elementor-element elementor-element-dd699a1 elementor-widget elementor-widget-heading\" data-id=\"dd699a1\" data-element_type=\"widget\" data-e-type=\"widget\" data-widget_type=\"heading.default\">\n\t\t\t\t<div class=\"elementor-widget-container\">\n\t\t\t\t\t<h5 class=\"elementor-heading-title elementor-size-default\">KOSTENLOS TESTEN<\/h5>\t\t\t\t<\/div>\n\t\t\t\t<\/div>\n\t\t\t\t<div class=\"elementor-element elementor-element-aaa91b9 elementor-widget elementor-widget-heading\" data-id=\"aaa91b9\" data-element_type=\"widget\" data-e-type=\"widget\" data-widget_type=\"heading.default\">\n\t\t\t\t<div class=\"elementor-widget-container\">\n\t\t\t\t\t<h2 class=\"elementor-heading-title elementor-size-default\">Entscheiden Sie sich noch heute f\u00fcr VITRICON<sup>\u00ae<\/sup><\/h2>\t\t\t\t<\/div>\n\t\t\t\t<\/div>\n\t\t<div class=\"elementor-element elementor-element-d2d2f74 e-con-full e-flex e-con e-child\" data-id=\"d2d2f74\" data-element_type=\"container\" data-e-type=\"container\">\n\t\t<div class=\"elementor-element elementor-element-0c08f0e e-flex e-con-boxed e-con e-child\" data-id=\"0c08f0e\" data-element_type=\"container\" data-e-type=\"container\">\n\t\t\t\t\t<div class=\"e-con-inner\">\n\t\t\t\t<div class=\"elementor-element elementor-element-b24ba8d elementor-widget__width-initial elementor-view-default elementor-position-block-start elementor-mobile-position-block-start elementor-widget elementor-widget-icon-box\" data-id=\"b24ba8d\" data-element_type=\"widget\" data-e-type=\"widget\" data-widget_type=\"icon-box.default\">\n\t\t\t\t<div class=\"elementor-widget-container\">\n\t\t\t\t\t\t\t<div class=\"elementor-icon-box-wrapper\">\n\n\t\t\t\t\t\t<div class=\"elementor-icon-box-icon\">\n\t\t\t\t<span  class=\"elementor-icon\">\n\t\t\t\t<i aria-hidden=\"true\" class=\"fas fa-check-circle\"><\/i>\t\t\t\t<\/span>\n\t\t\t<\/div>\n\t\t\t\n\t\t\t\t\t\t<div class=\"elementor-icon-box-content\">\n\n\t\t\t\t\t\t\t\t\t<h3 class=\"elementor-icon-box-title\">\n\t\t\t\t\t\t<span  >\n\t\t\t\t\t\t\tTesten Sie alle Funktionen\t\t\t\t\t\t<\/span>\n\t\t\t\t\t<\/h3>\n\t\t\t\t\n\t\t\t\t\t\t\t\t\t<p class=\"elementor-icon-box-description\">\n\t\t\t\t\t\tohne Einschr\u00e4nkungen 30 Tage kostenlos!\t\t\t\t\t<\/p>\n\t\t\t\t\n\t\t\t<\/div>\n\t\t\t\n\t\t<\/div>\n\t\t\t\t\t\t<\/div>\n\t\t\t\t<\/div>\n\t\t\t\t\t<\/div>\n\t\t\t\t<\/div>\n\t\t<div class=\"elementor-element elementor-element-2530dd3 e-con-full e-flex e-con e-child\" data-id=\"2530dd3\" data-element_type=\"container\" data-e-type=\"container\">\n\t\t\t\t<div class=\"elementor-element elementor-element-0489292 elementor-widget__width-initial elementor-view-default elementor-position-block-start elementor-mobile-position-block-start elementor-widget elementor-widget-icon-box\" data-id=\"0489292\" data-element_type=\"widget\" data-e-type=\"widget\" data-widget_type=\"icon-box.default\">\n\t\t\t\t<div class=\"elementor-widget-container\">\n\t\t\t\t\t\t\t<div class=\"elementor-icon-box-wrapper\">\n\n\t\t\t\t\t\t<div class=\"elementor-icon-box-icon\">\n\t\t\t\t<span  class=\"elementor-icon\">\n\t\t\t\t<i aria-hidden=\"true\" class=\"fas fa-check-circle\"><\/i>\t\t\t\t<\/span>\n\t\t\t<\/div>\n\t\t\t\n\t\t\t\t\t\t<div class=\"elementor-icon-box-content\">\n\n\t\t\t\t\t\t\t\t\t<h3 class=\"elementor-icon-box-title\">\n\t\t\t\t\t\t<span  >\n\t\t\t\t\t\t\tApp sofort nutzen\t\t\t\t\t\t<\/span>\n\t\t\t\t\t<\/h3>\n\t\t\t\t\n\t\t\t\t\t\t\t\t\t<p class=\"elementor-icon-box-description\">\n\t\t\t\t\t\tam Computer, Tablet oder Smartphone\t\t\t\t\t<\/p>\n\t\t\t\t\n\t\t\t<\/div>\n\t\t\t\n\t\t<\/div>\n\t\t\t\t\t\t<\/div>\n\t\t\t\t<\/div>\n\t\t\t\t<\/div>\n\t\t<div class=\"elementor-element elementor-element-f4b8bfa e-con-full e-flex e-con e-child\" data-id=\"f4b8bfa\" data-element_type=\"container\" data-e-type=\"container\">\n\t\t\t\t<div class=\"elementor-element elementor-element-54635f4 elementor-widget__width-initial elementor-view-default elementor-position-block-start elementor-mobile-position-block-start elementor-widget elementor-widget-icon-box\" data-id=\"54635f4\" data-element_type=\"widget\" data-e-type=\"widget\" data-widget_type=\"icon-box.default\">\n\t\t\t\t<div class=\"elementor-widget-container\">\n\t\t\t\t\t\t\t<div class=\"elementor-icon-box-wrapper\">\n\n\t\t\t\t\t\t<div class=\"elementor-icon-box-icon\">\n\t\t\t\t<span  class=\"elementor-icon\">\n\t\t\t\t<i aria-hidden=\"true\" class=\"fas fa-check-circle\"><\/i>\t\t\t\t<\/span>\n\t\t\t<\/div>\n\t\t\t\n\t\t\t\t\t\t<div class=\"elementor-icon-box-content\">\n\n\t\t\t\t\t\t\t\t\t<h3 class=\"elementor-icon-box-title\">\n\t\t\t\t\t\t<span  >\n\t\t\t\t\t\t\tV\u00f6llig risikofrei\t\t\t\t\t\t<\/span>\n\t\t\t\t\t<\/h3>\n\t\t\t\t\n\t\t\t\t\t\t\t\t\t<p class=\"elementor-icon-box-description\">\n\t\t\t\t\t\tIhr Zugang endet automatisch!\t\t\t\t\t<\/p>\n\t\t\t\t\n\t\t\t<\/div>\n\t\t\t\n\t\t<\/div>\n\t\t\t\t\t\t<\/div>\n\t\t\t\t<\/div>\n\t\t\t\t<\/div>\n\t\t\t\t<\/div>\n\t\t\t\t<\/div>\n\t\t<div class=\"elementor-element elementor-element-16ae576 e-con-full e-flex e-con e-child\" data-id=\"16ae576\" data-element_type=\"container\" data-e-type=\"container\">\n\t\t\t\t<div class=\"elementor-element elementor-element-7283246 elementor-widget elementor-widget-button\" data-id=\"7283246\" data-element_type=\"widget\" data-e-type=\"widget\" data-widget_type=\"button.default\">\n\t\t\t\t<div class=\"elementor-widget-container\">\n\t\t\t\t\t\t\t\t\t<div class=\"elementor-button-wrapper\">\n\t\t\t\t\t<a class=\"elementor-button elementor-button-link elementor-size-sm elementor-animation-shrink\" href=\"https:\/\/vitricon.com\/de\/kontakt\/kontakt\/kostenlos-testen\/\">\n\t\t\t\t\t\t<span class=\"elementor-button-content-wrapper\">\n\t\t\t\t\t\t<span class=\"elementor-button-icon\">\n\t\t\t\t<i aria-hidden=\"true\" class=\"fas fa-arrow-right\"><\/i>\t\t\t<\/span>\n\t\t\t\t\t\t\t\t\t<span class=\"elementor-button-text\">Kostenlos testen<\/span>\n\t\t\t\t\t<\/span>\n\t\t\t\t\t<\/a>\n\t\t\t\t<\/div>\n\t\t\t\t\t\t\t\t<\/div>\n\t\t\t\t<\/div>\n\t\t\t\t<div class=\"elementor-element elementor-element-075c0ec elementor-widget elementor-widget-button\" data-id=\"075c0ec\" data-element_type=\"widget\" data-e-type=\"widget\" data-widget_type=\"button.default\">\n\t\t\t\t<div class=\"elementor-widget-container\">\n\t\t\t\t\t\t\t\t\t<div class=\"elementor-button-wrapper\">\n\t\t\t\t\t<a class=\"elementor-button elementor-button-link elementor-size-sm elementor-animation-shrink\" href=\"https:\/\/vitricon.com\/de\/kontakt\/kontakt\/demo-vereinbaren\/\">\n\t\t\t\t\t\t<span class=\"elementor-button-content-wrapper\">\n\t\t\t\t\t\t<span class=\"elementor-button-icon\">\n\t\t\t\t<i aria-hidden=\"true\" class=\"fas fa-arrow-right\"><\/i>\t\t\t<\/span>\n\t\t\t\t\t\t\t\t\t<span class=\"elementor-button-text\">Beratung vereinbaren<\/span>\n\t\t\t\t\t<\/span>\n\t\t\t\t\t<\/a>\n\t\t\t\t<\/div>\n\t\t\t\t\t\t\t\t<\/div>\n\t\t\t\t<\/div>\n\t\t\t\t<\/div>\n\t\t\t\t\t<\/div>\n\t\t\t\t<\/div>\n\t\t\t\t<\/div>\n\t\t","protected":false},"excerpt":{"rendered":"<p>Energiespeichermanagement Energie intelligent speichern \u2013 Lastspitzen vermeiden, Autarkie steigern.Mit VITRICON\u00ae steuern Sie Ihre Speichertechnik datenbasiert und wirtschaftlich \u2013 f\u00fcr maximale Eigenverbrauchsquote, stabile Netznutzung und nachhaltigen Betrieb. Home | L\u00f6sungen | Energiemanagement | Energiespeichermanagement Die Herausforderungen beim Energiespeichermanagement Die Probleme Speicherl\u00f6sungen wie Batteriesysteme oder thermische Speicher bieten gro\u00dfe Potenziale \u2013 doch viele Betreiber nutzen diese nicht [&hellip;]<\/p>\n","protected":false},"author":1,"featured_media":0,"parent":9434,"menu_order":5,"comment_status":"closed","ping_status":"closed","template":"","meta":{"_angie_page":false,"inline_featured_image":false,"footnotes":""},"folder":[87],"class_list":["post-12146","page","type-page","status-publish","hentry"],"_links":{"self":[{"href":"https:\/\/vitricon.com\/de\/wp-json\/wp\/v2\/pages\/12146","targetHints":{"allow":["GET"]}}],"collection":[{"href":"https:\/\/vitricon.com\/de\/wp-json\/wp\/v2\/pages"}],"about":[{"href":"https:\/\/vitricon.com\/de\/wp-json\/wp\/v2\/types\/page"}],"author":[{"embeddable":true,"href":"https:\/\/vitricon.com\/de\/wp-json\/wp\/v2\/users\/1"}],"replies":[{"embeddable":true,"href":"https:\/\/vitricon.com\/de\/wp-json\/wp\/v2\/comments?post=12146"}],"version-history":[{"count":10,"href":"https:\/\/vitricon.com\/de\/wp-json\/wp\/v2\/pages\/12146\/revisions"}],"predecessor-version":[{"id":14010,"href":"https:\/\/vitricon.com\/de\/wp-json\/wp\/v2\/pages\/12146\/revisions\/14010"}],"up":[{"embeddable":true,"href":"https:\/\/vitricon.com\/de\/wp-json\/wp\/v2\/pages\/9434"}],"wp:attachment":[{"href":"https:\/\/vitricon.com\/de\/wp-json\/wp\/v2\/media?parent=12146"}],"wp:term":[{"taxonomy":"folder","embeddable":true,"href":"https:\/\/vitricon.com\/de\/wp-json\/wp\/v2\/folder?post=12146"}],"curies":[{"name":"wp","href":"https:\/\/api.w.org\/{rel}","templated":true}]}}