{"id":3631,"date":"2023-11-09T09:14:16","date_gmt":"2023-11-09T09:14:16","guid":{"rendered":"https:\/\/kenexos.com\/?page_id=3631"},"modified":"2026-03-09T08:34:46","modified_gmt":"2026-03-09T08:34:46","slug":"wissen","status":"publish","type":"page","link":"https:\/\/vitricon.com\/de\/wissen\/","title":{"rendered":"Wissen"},"content":{"rendered":"\t\t<div data-elementor-type=\"wp-page\" data-elementor-id=\"3631\" class=\"elementor elementor-3631\" data-elementor-post-type=\"page\">\n\t\t\t\t<div class=\"elementor-element elementor-element-0340a6e e-flex e-con-boxed e-con e-parent\" data-id=\"0340a6e\" data-element_type=\"container\" data-e-type=\"container\" data-settings=\"{&quot;background_background&quot;:&quot;classic&quot;}\">\n\t\t\t\t\t<div class=\"e-con-inner\">\n\t\t<div class=\"elementor-element elementor-element-9932bbb e-flex e-con-boxed e-con e-child\" data-id=\"9932bbb\" data-element_type=\"container\" data-e-type=\"container\">\n\t\t\t\t\t<div class=\"e-con-inner\">\n\t\t\t\t<div class=\"elementor-element elementor-element-d671729 elementor-widget elementor-widget-text-editor\" data-id=\"d671729\" data-element_type=\"widget\" data-e-type=\"widget\" data-widget_type=\"text-editor.default\">\n\t\t\t\t<div class=\"elementor-widget-container\">\n\t\t\t\t\t\t\t\t\t<p><a href=\"\/\">Home<\/a> | Wissen<\/p>\t\t\t\t\t\t\t\t<\/div>\n\t\t\t\t<\/div>\n\t\t\t\t\t<\/div>\n\t\t\t\t<\/div>\n\t\t\t\t\t<\/div>\n\t\t\t\t<\/div>\n\t\t<div class=\"elementor-element elementor-element-2b74f53 e-flex e-con-boxed e-con e-parent\" data-id=\"2b74f53\" data-element_type=\"container\" data-e-type=\"container\">\n\t\t\t\t\t<div class=\"e-con-inner\">\n\t\t<div class=\"elementor-element elementor-element-e9b7f14 e-flex e-con-boxed e-con e-child\" data-id=\"e9b7f14\" data-element_type=\"container\" data-e-type=\"container\">\n\t\t\t\t\t<div class=\"e-con-inner\">\n\t\t\t\t<div class=\"elementor-element elementor-element-31a47eb elementor-widget elementor-widget-heading\" data-id=\"31a47eb\" data-element_type=\"widget\" data-e-type=\"widget\" data-widget_type=\"heading.default\">\n\t\t\t\t<div class=\"elementor-widget-container\">\n\t\t\t\t\t<h2 class=\"elementor-heading-title elementor-size-default\">\u00dcber Uns<\/h2>\t\t\t\t<\/div>\n\t\t\t\t<\/div>\n\t\t\t\t\t<\/div>\n\t\t\t\t<\/div>\n\t\t\t\t\t<\/div>\n\t\t\t\t<\/div>\n\t\t<div class=\"elementor-element elementor-element-36e1249 e-flex e-con-boxed e-con e-parent\" data-id=\"36e1249\" data-element_type=\"container\" data-e-type=\"container\">\n\t\t\t\t\t<div class=\"e-con-inner\">\n\t\t<div class=\"elementor-element elementor-element-0294362 e-con-full e-flex e-con e-child\" data-id=\"0294362\" data-element_type=\"container\" data-e-type=\"container\">\n\t\t\t\t<div class=\"elementor-element elementor-element-0550bf4 elementor-position-inline-end elementor-view-default elementor-mobile-position-block-start elementor-widget elementor-widget-icon-box\" data-id=\"0550bf4\" data-element_type=\"widget\" data-e-type=\"widget\" data-widget_type=\"icon-box.default\">\n\t\t\t\t<div class=\"elementor-widget-container\">\n\t\t\t\t\t\t\t<div class=\"elementor-icon-box-wrapper\">\n\n\t\t\t\t\t\t<div class=\"elementor-icon-box-icon\">\n\t\t\t\t<a href=\"https:\/\/vitricon.com\/de\/wissen\/unternehmen\/firmenprofil\/\" class=\"elementor-icon elementor-animation-grow\" tabindex=\"-1\" aria-label=\"Firmenprofil\">\n\t\t\t\t<i aria-hidden=\"true\" class=\"fas fa-arrow-circle-right\"><\/i>\t\t\t\t<\/a>\n\t\t\t<\/div>\n\t\t\t\n\t\t\t\t\t\t<div class=\"elementor-icon-box-content\">\n\n\t\t\t\t\t\t\t\t\t<h3 class=\"elementor-icon-box-title\">\n\t\t\t\t\t\t<a href=\"https:\/\/vitricon.com\/de\/wissen\/unternehmen\/firmenprofil\/\">\n\t\t\t\t\t\t\tFirmenprofil\t\t\t\t\t\t<\/a>\n\t\t\t\t\t<\/h3>\n\t\t\t\t\n\t\t\t\t\n\t\t\t<\/div>\n\t\t\t\n\t\t<\/div>\n\t\t\t\t\t\t<\/div>\n\t\t\t\t<\/div>\n\t\t\t\t<\/div>\n\t\t<div class=\"elementor-element elementor-element-3d949ad e-con-full e-flex e-con e-child\" data-id=\"3d949ad\" data-element_type=\"container\" data-e-type=\"container\">\n\t\t\t\t<div class=\"elementor-element elementor-element-f83955d elementor-position-inline-end elementor-view-default elementor-mobile-position-block-start elementor-widget elementor-widget-icon-box\" data-id=\"f83955d\" data-element_type=\"widget\" data-e-type=\"widget\" data-widget_type=\"icon-box.default\">\n\t\t\t\t<div class=\"elementor-widget-container\">\n\t\t\t\t\t\t\t<div class=\"elementor-icon-box-wrapper\">\n\n\t\t\t\t\t\t<div class=\"elementor-icon-box-icon\">\n\t\t\t\t<a href=\"https:\/\/vitricon.com\/de\/wissen\/unternehmen\/team\/\" class=\"elementor-icon elementor-animation-grow\" tabindex=\"-1\" aria-label=\"Team\">\n\t\t\t\t<i aria-hidden=\"true\" class=\"fas fa-arrow-circle-right\"><\/i>\t\t\t\t<\/a>\n\t\t\t<\/div>\n\t\t\t\n\t\t\t\t\t\t<div class=\"elementor-icon-box-content\">\n\n\t\t\t\t\t\t\t\t\t<h3 class=\"elementor-icon-box-title\">\n\t\t\t\t\t\t<a href=\"https:\/\/vitricon.com\/de\/wissen\/unternehmen\/team\/\">\n\t\t\t\t\t\t\tTeam\t\t\t\t\t\t<\/a>\n\t\t\t\t\t<\/h3>\n\t\t\t\t\n\t\t\t\t\n\t\t\t<\/div>\n\t\t\t\n\t\t<\/div>\n\t\t\t\t\t\t<\/div>\n\t\t\t\t<\/div>\n\t\t\t\t<\/div>\n\t\t<div class=\"elementor-element elementor-element-f1c71c1 e-con-full e-flex e-con e-child\" data-id=\"f1c71c1\" data-element_type=\"container\" data-e-type=\"container\">\n\t\t\t\t<div class=\"elementor-element elementor-element-cd841e3 elementor-position-inline-end elementor-view-default elementor-mobile-position-block-start elementor-widget elementor-widget-icon-box\" data-id=\"cd841e3\" data-element_type=\"widget\" data-e-type=\"widget\" data-widget_type=\"icon-box.default\">\n\t\t\t\t<div class=\"elementor-widget-container\">\n\t\t\t\t\t\t\t<div class=\"elementor-icon-box-wrapper\">\n\n\t\t\t\t\t\t<div class=\"elementor-icon-box-icon\">\n\t\t\t\t<a href=\"https:\/\/vitricon.com\/de\/wissen\/unternehmen\/karriere\/\" class=\"elementor-icon elementor-animation-grow\" tabindex=\"-1\" aria-label=\"Karriere\">\n\t\t\t\t<i aria-hidden=\"true\" class=\"fas fa-arrow-circle-right\"><\/i>\t\t\t\t<\/a>\n\t\t\t<\/div>\n\t\t\t\n\t\t\t\t\t\t<div class=\"elementor-icon-box-content\">\n\n\t\t\t\t\t\t\t\t\t<h3 class=\"elementor-icon-box-title\">\n\t\t\t\t\t\t<a href=\"https:\/\/vitricon.com\/de\/wissen\/unternehmen\/karriere\/\">\n\t\t\t\t\t\t\tKarriere\t\t\t\t\t\t<\/a>\n\t\t\t\t\t<\/h3>\n\t\t\t\t\n\t\t\t\t\n\t\t\t<\/div>\n\t\t\t\n\t\t<\/div>\n\t\t\t\t\t\t<\/div>\n\t\t\t\t<\/div>\n\t\t\t\t<\/div>\n\t\t\t\t\t<\/div>\n\t\t\t\t<\/div>\n\t\t<div class=\"elementor-element elementor-element-04fdc1b e-flex e-con-boxed e-con e-parent\" data-id=\"04fdc1b\" data-element_type=\"container\" data-e-type=\"container\">\n\t\t\t\t\t<div class=\"e-con-inner\">\n\t\t<div class=\"elementor-element elementor-element-0d28183 e-flex e-con-boxed e-con e-child\" data-id=\"0d28183\" data-element_type=\"container\" data-e-type=\"container\">\n\t\t\t\t\t<div class=\"e-con-inner\">\n\t\t\t\t<div class=\"elementor-element elementor-element-d3205fb elementor-widget elementor-widget-heading\" data-id=\"d3205fb\" data-element_type=\"widget\" data-e-type=\"widget\" data-widget_type=\"heading.default\">\n\t\t\t\t<div class=\"elementor-widget-container\">\n\t\t\t\t\t<h2 class=\"elementor-heading-title elementor-size-default\">Blog<\/h2>\t\t\t\t<\/div>\n\t\t\t\t<\/div>\n\t\t\t\t\t<\/div>\n\t\t\t\t<\/div>\n\t\t\t\t\t<\/div>\n\t\t\t\t<\/div>\n\t\t<div class=\"elementor-element elementor-element-b070f26 e-flex e-con-boxed e-con e-parent\" data-id=\"b070f26\" data-element_type=\"container\" data-e-type=\"container\" data-settings=\"{&quot;background_background&quot;:&quot;classic&quot;}\">\n\t\t\t\t\t<div class=\"e-con-inner\">\n\t\t\t\t<div class=\"elementor-element elementor-element-e22b4d6 elementor-grid-mobile_extra-2 elementor-grid-3 elementor-grid-tablet-2 elementor-grid-mobile-1 elementor-posts--thumbnail-top elementor-widget elementor-widget-posts\" data-id=\"e22b4d6\" data-element_type=\"widget\" data-e-type=\"widget\" data-settings=\"{&quot;classic_row_gap&quot;:{&quot;unit&quot;:&quot;px&quot;,&quot;size&quot;:20,&quot;sizes&quot;:[]},&quot;classic_columns_mobile_extra&quot;:&quot;2&quot;,&quot;classic_columns&quot;:&quot;3&quot;,&quot;classic_columns_tablet&quot;:&quot;2&quot;,&quot;classic_columns_mobile&quot;:&quot;1&quot;,&quot;classic_row_gap_widescreen&quot;:{&quot;unit&quot;:&quot;px&quot;,&quot;size&quot;:&quot;&quot;,&quot;sizes&quot;:[]},&quot;classic_row_gap_laptop&quot;:{&quot;unit&quot;:&quot;px&quot;,&quot;size&quot;:&quot;&quot;,&quot;sizes&quot;:[]},&quot;classic_row_gap_tablet_extra&quot;:{&quot;unit&quot;:&quot;px&quot;,&quot;size&quot;:&quot;&quot;,&quot;sizes&quot;:[]},&quot;classic_row_gap_tablet&quot;:{&quot;unit&quot;:&quot;px&quot;,&quot;size&quot;:&quot;&quot;,&quot;sizes&quot;:[]},&quot;classic_row_gap_mobile_extra&quot;:{&quot;unit&quot;:&quot;px&quot;,&quot;size&quot;:&quot;&quot;,&quot;sizes&quot;:[]},&quot;classic_row_gap_mobile&quot;:{&quot;unit&quot;:&quot;px&quot;,&quot;size&quot;:&quot;&quot;,&quot;sizes&quot;:[]}}\" data-widget_type=\"posts.classic\">\n\t\t\t\t<div class=\"elementor-widget-container\">\n\t\t\t\t\t\t\t<div class=\"elementor-posts-container elementor-posts elementor-posts--skin-classic elementor-grid\" role=\"list\">\n\t\t\t\t<article class=\"elementor-post elementor-grid-item post-13856 post type-post status-publish format-standard has-post-thumbnail hentry category-vitricon category-blog category-energiemanagement category-facility-management category-vitricon-news\" role=\"listitem\">\n\t\t\t\t<a class=\"elementor-post__thumbnail__link\" href=\"https:\/\/vitricon.com\/de\/blog\/vitricon\/vitricon-anwendertreffen-2026-in-leipzig\/\" tabindex=\"-1\">\n\t\t\t<div class=\"elementor-post__thumbnail\"><img fetchpriority=\"high\" decoding=\"async\" width=\"800\" height=\"450\" src=\"https:\/\/vitricon.com\/wp-content\/uploads\/2026\/02\/VITRICON\u00ae-Anwendertreffen-2026-in-Leipzig-2-1024x576.png\" class=\"attachment-large size-large wp-image-13865\" alt=\"\" srcset=\"https:\/\/vitricon.com\/wp-content\/uploads\/2026\/02\/VITRICON\u00ae-Anwendertreffen-2026-in-Leipzig-2-1024x576.png 1024w, https:\/\/vitricon.com\/wp-content\/uploads\/2026\/02\/VITRICON\u00ae-Anwendertreffen-2026-in-Leipzig-2-300x169.png 300w, https:\/\/vitricon.com\/wp-content\/uploads\/2026\/02\/VITRICON\u00ae-Anwendertreffen-2026-in-Leipzig-2-768x432.png 768w, https:\/\/vitricon.com\/wp-content\/uploads\/2026\/02\/VITRICON\u00ae-Anwendertreffen-2026-in-Leipzig-2-1536x864.png 1536w, https:\/\/vitricon.com\/wp-content\/uploads\/2026\/02\/VITRICON\u00ae-Anwendertreffen-2026-in-Leipzig-2.png 1920w\" sizes=\"(max-width: 800px) 100vw, 800px\" \/><\/div>\n\t\t<\/a>\n\t\t\t\t<div class=\"elementor-post__text\">\n\t\t\t\t<h3 class=\"elementor-post__title\">\n\t\t\t<a href=\"https:\/\/vitricon.com\/de\/blog\/vitricon\/vitricon-anwendertreffen-2026-in-leipzig\/\">\n\t\t\t\tVITRICON Anwendertreffen 2026 in Leipzig\t\t\t<\/a>\n\t\t<\/h3>\n\t\t\t\t<div class=\"elementor-post__excerpt\">\n\t\t\t<p>Feiern Sie mit uns am 11. und 12. Juni 2026 in Leipzig 20 Jahre Innovation in CAFM und Energiemonitoring \u2013 und gestalten Sie die Zukunft von VITRICON\u00ae\u00a0aktiv mit. VITRICON\u00ae \u2013<\/p>\n\t\t<\/div>\n\t\t\n\t\t<a class=\"elementor-post__read-more\" href=\"https:\/\/vitricon.com\/de\/blog\/vitricon\/vitricon-anwendertreffen-2026-in-leipzig\/\" aria-label=\"Mehr \u00fcber VITRICON Anwendertreffen 2026 in Leipzig\" tabindex=\"-1\">\n\t\t\tZum vollst\u00e4ndigen Artikel \u00bb\t\t<\/a>\n\n\t\t\t\t<\/div>\n\t\t\t\t<\/article>\n\t\t\t\t<article class=\"elementor-post elementor-grid-item post-13932 post type-post status-publish format-standard has-post-thumbnail hentry category-vitricon category-blog category-energiemanagement category-facility-management category-vitricon-news\" role=\"listitem\">\n\t\t\t\t<a class=\"elementor-post__thumbnail__link\" href=\"https:\/\/vitricon.com\/de\/blog\/vitricon\/vitricon-auf-der-berufsfachtagung-betreiberverantwortung-2026-in-fulda\/\" tabindex=\"-1\">\n\t\t\t<div class=\"elementor-post__thumbnail\"><img decoding=\"async\" width=\"800\" height=\"450\" src=\"https:\/\/vitricon.com\/wp-content\/uploads\/2026\/02\/Berufsfachtagung-Betreiberverantwortung-2026-1-1024x576.png\" class=\"attachment-large size-large wp-image-13938\" alt=\"\" srcset=\"https:\/\/vitricon.com\/wp-content\/uploads\/2026\/02\/Berufsfachtagung-Betreiberverantwortung-2026-1-1024x576.png 1024w, https:\/\/vitricon.com\/wp-content\/uploads\/2026\/02\/Berufsfachtagung-Betreiberverantwortung-2026-1-300x169.png 300w, https:\/\/vitricon.com\/wp-content\/uploads\/2026\/02\/Berufsfachtagung-Betreiberverantwortung-2026-1-768x432.png 768w, https:\/\/vitricon.com\/wp-content\/uploads\/2026\/02\/Berufsfachtagung-Betreiberverantwortung-2026-1-1536x864.png 1536w, https:\/\/vitricon.com\/wp-content\/uploads\/2026\/02\/Berufsfachtagung-Betreiberverantwortung-2026-1.png 1920w\" sizes=\"(max-width: 800px) 100vw, 800px\" \/><\/div>\n\t\t<\/a>\n\t\t\t\t<div class=\"elementor-post__text\">\n\t\t\t\t<h3 class=\"elementor-post__title\">\n\t\t\t<a href=\"https:\/\/vitricon.com\/de\/blog\/vitricon\/vitricon-auf-der-berufsfachtagung-betreiberverantwortung-2026-in-fulda\/\">\n\t\t\t\tVITRICON auf der Berufsfachtagung Betreiberverantwortung 2026 in Fulda\t\t\t<\/a>\n\t\t<\/h3>\n\t\t\t\t<div class=\"elementor-post__excerpt\">\n\t\t\t<p>Die Anforderungen an die Betreiberverantwortung von Immobilien und technischen Anlagen steigen kontinuierlich \u2013 sowohl regulatorisch als auch organisatorisch. Die Bundesfachtagung Betreiberverantwortung 2026 in Fulda bietet die ideale Plattform, um aktuelle<\/p>\n\t\t<\/div>\n\t\t\n\t\t<a class=\"elementor-post__read-more\" href=\"https:\/\/vitricon.com\/de\/blog\/vitricon\/vitricon-auf-der-berufsfachtagung-betreiberverantwortung-2026-in-fulda\/\" aria-label=\"Mehr \u00fcber VITRICON auf der Berufsfachtagung Betreiberverantwortung 2026 in Fulda\" tabindex=\"-1\">\n\t\t\tZum vollst\u00e4ndigen Artikel \u00bb\t\t<\/a>\n\n\t\t\t\t<\/div>\n\t\t\t\t<\/article>\n\t\t\t\t<article class=\"elementor-post elementor-grid-item post-13793 post type-post status-publish format-standard has-post-thumbnail hentry category-vitricon-news category-vitricon\" role=\"listitem\">\n\t\t\t\t<a class=\"elementor-post__thumbnail__link\" href=\"https:\/\/vitricon.com\/de\/blog\/vitricon-news\/gebaeudeenergiegesetz-als-treiber-fuer-foerderfaehiges-energiemanagement-in-kommunen\/\" tabindex=\"-1\">\n\t\t\t<div class=\"elementor-post__thumbnail\"><img decoding=\"async\" width=\"800\" height=\"450\" src=\"https:\/\/vitricon.com\/wp-content\/uploads\/2026\/02\/gemeinderat-Die-Besten-1024x576.png\" class=\"attachment-large size-large wp-image-13795\" alt=\"\" srcset=\"https:\/\/vitricon.com\/wp-content\/uploads\/2026\/02\/gemeinderat-Die-Besten-1024x576.png 1024w, https:\/\/vitricon.com\/wp-content\/uploads\/2026\/02\/gemeinderat-Die-Besten-300x169.png 300w, https:\/\/vitricon.com\/wp-content\/uploads\/2026\/02\/gemeinderat-Die-Besten-768x432.png 768w, https:\/\/vitricon.com\/wp-content\/uploads\/2026\/02\/gemeinderat-Die-Besten-1536x864.png 1536w, https:\/\/vitricon.com\/wp-content\/uploads\/2026\/02\/gemeinderat-Die-Besten.png 1920w\" sizes=\"(max-width: 800px) 100vw, 800px\" \/><\/div>\n\t\t<\/a>\n\t\t\t\t<div class=\"elementor-post__text\">\n\t\t\t\t<h3 class=\"elementor-post__title\">\n\t\t\t<a href=\"https:\/\/vitricon.com\/de\/blog\/vitricon-news\/gebaeudeenergiegesetz-als-treiber-fuer-foerderfaehiges-energiemanagement-in-kommunen\/\">\n\t\t\t\tGeb\u00e4udeenergiegesetz als Treiber f\u00fcr f\u00f6rderf\u00e4higes Energiemanagement in Kommunen\t\t\t<\/a>\n\t\t<\/h3>\n\t\t\t\t<div class=\"elementor-post__excerpt\">\n\t\t\t<p>Mit dem novellierten Geb\u00e4udeenergiegesetz (GEG) stehen Kommunen, kommunale Unternehmen und \u00f6ffentliche Einrichtungen vor der Aufgabe, Energieverbr\u00e4uche transparenter zu erfassen, energetische Ma\u00dfnahmen systematisch zu bewerten und ihre Geb\u00e4ude langfristig gesetzeskonform und<\/p>\n\t\t<\/div>\n\t\t\n\t\t<a class=\"elementor-post__read-more\" href=\"https:\/\/vitricon.com\/de\/blog\/vitricon-news\/gebaeudeenergiegesetz-als-treiber-fuer-foerderfaehiges-energiemanagement-in-kommunen\/\" aria-label=\"Mehr \u00fcber Geb\u00e4udeenergiegesetz als Treiber f\u00fcr f\u00f6rderf\u00e4higes Energiemanagement in Kommunen\" tabindex=\"-1\">\n\t\t\tZum vollst\u00e4ndigen Artikel \u00bb\t\t<\/a>\n\n\t\t\t\t<\/div>\n\t\t\t\t<\/article>\n\t\t\t\t<\/div>\n\t\t\n\t\t\t\t\t\t<\/div>\n\t\t\t\t<\/div>\n\t\t\t\t\t<\/div>\n\t\t\t\t<\/div>\n\t\t<div class=\"elementor-element elementor-element-124c86c e-flex e-con-boxed e-con e-parent\" data-id=\"124c86c\" data-element_type=\"container\" data-e-type=\"container\" data-settings=\"{&quot;background_background&quot;:&quot;classic&quot;}\">\n\t\t\t\t\t<div class=\"e-con-inner\">\n\t\t<div class=\"elementor-element elementor-element-8b0439e e-con-full e-flex e-con e-child\" data-id=\"8b0439e\" data-element_type=\"container\" data-e-type=\"container\">\n\t\t\t\t<div class=\"elementor-element elementor-element-7740f7d elementor-widget elementor-widget-heading\" data-id=\"7740f7d\" data-element_type=\"widget\" data-e-type=\"widget\" data-widget_type=\"heading.default\">\n\t\t\t\t<div class=\"elementor-widget-container\">\n\t\t\t\t\t<h5 class=\"elementor-heading-title elementor-size-default\">KOSTENLOS TESTEN<\/h5>\t\t\t\t<\/div>\n\t\t\t\t<\/div>\n\t\t\t\t<div class=\"elementor-element elementor-element-cf49826 elementor-widget elementor-widget-heading\" data-id=\"cf49826\" data-element_type=\"widget\" data-e-type=\"widget\" data-widget_type=\"heading.default\">\n\t\t\t\t<div class=\"elementor-widget-container\">\n\t\t\t\t\t<h2 class=\"elementor-heading-title elementor-size-default\">Entscheiden Sie sich noch heute f\u00fcr VITRICON<sup>\u00ae<\/sup><\/h2>\t\t\t\t<\/div>\n\t\t\t\t<\/div>\n\t\t<div class=\"elementor-element elementor-element-ff878c8 e-con-full e-flex e-con e-child\" data-id=\"ff878c8\" data-element_type=\"container\" data-e-type=\"container\">\n\t\t<div class=\"elementor-element elementor-element-2dd5dc3 e-flex e-con-boxed e-con e-child\" data-id=\"2dd5dc3\" data-element_type=\"container\" data-e-type=\"container\">\n\t\t\t\t\t<div class=\"e-con-inner\">\n\t\t\t\t<div class=\"elementor-element elementor-element-f6f9484 elementor-widget__width-initial elementor-view-default elementor-position-block-start elementor-mobile-position-block-start elementor-widget elementor-widget-icon-box\" data-id=\"f6f9484\" data-element_type=\"widget\" data-e-type=\"widget\" data-widget_type=\"icon-box.default\">\n\t\t\t\t<div class=\"elementor-widget-container\">\n\t\t\t\t\t\t\t<div class=\"elementor-icon-box-wrapper\">\n\n\t\t\t\t\t\t<div class=\"elementor-icon-box-icon\">\n\t\t\t\t<span  class=\"elementor-icon\">\n\t\t\t\t<i aria-hidden=\"true\" class=\"fas fa-check-circle\"><\/i>\t\t\t\t<\/span>\n\t\t\t<\/div>\n\t\t\t\n\t\t\t\t\t\t<div class=\"elementor-icon-box-content\">\n\n\t\t\t\t\t\t\t\t\t<h3 class=\"elementor-icon-box-title\">\n\t\t\t\t\t\t<span  >\n\t\t\t\t\t\t\tTesten Sie alle Funktionen\t\t\t\t\t\t<\/span>\n\t\t\t\t\t<\/h3>\n\t\t\t\t\n\t\t\t\t\t\t\t\t\t<p class=\"elementor-icon-box-description\">\n\t\t\t\t\t\tohne Einschr\u00e4nkungen 30 Tage kostenlos!\t\t\t\t\t<\/p>\n\t\t\t\t\n\t\t\t<\/div>\n\t\t\t\n\t\t<\/div>\n\t\t\t\t\t\t<\/div>\n\t\t\t\t<\/div>\n\t\t\t\t\t<\/div>\n\t\t\t\t<\/div>\n\t\t<div class=\"elementor-element elementor-element-0d769da e-con-full e-flex e-con e-child\" data-id=\"0d769da\" data-element_type=\"container\" data-e-type=\"container\">\n\t\t\t\t<div class=\"elementor-element elementor-element-c983e66 elementor-widget__width-initial elementor-view-default elementor-position-block-start elementor-mobile-position-block-start elementor-widget elementor-widget-icon-box\" data-id=\"c983e66\" data-element_type=\"widget\" data-e-type=\"widget\" data-widget_type=\"icon-box.default\">\n\t\t\t\t<div class=\"elementor-widget-container\">\n\t\t\t\t\t\t\t<div class=\"elementor-icon-box-wrapper\">\n\n\t\t\t\t\t\t<div class=\"elementor-icon-box-icon\">\n\t\t\t\t<span  class=\"elementor-icon\">\n\t\t\t\t<i aria-hidden=\"true\" class=\"fas fa-check-circle\"><\/i>\t\t\t\t<\/span>\n\t\t\t<\/div>\n\t\t\t\n\t\t\t\t\t\t<div class=\"elementor-icon-box-content\">\n\n\t\t\t\t\t\t\t\t\t<h3 class=\"elementor-icon-box-title\">\n\t\t\t\t\t\t<span  >\n\t\t\t\t\t\t\tApp sofort nutzen\t\t\t\t\t\t<\/span>\n\t\t\t\t\t<\/h3>\n\t\t\t\t\n\t\t\t\t\t\t\t\t\t<p class=\"elementor-icon-box-description\">\n\t\t\t\t\t\tam Computer, Tablet oder Smartphone\t\t\t\t\t<\/p>\n\t\t\t\t\n\t\t\t<\/div>\n\t\t\t\n\t\t<\/div>\n\t\t\t\t\t\t<\/div>\n\t\t\t\t<\/div>\n\t\t\t\t<\/div>\n\t\t<div class=\"elementor-element elementor-element-722b2f6 e-con-full e-flex e-con e-child\" data-id=\"722b2f6\" data-element_type=\"container\" data-e-type=\"container\">\n\t\t\t\t<div class=\"elementor-element elementor-element-550db9d elementor-widget__width-initial elementor-view-default elementor-position-block-start elementor-mobile-position-block-start elementor-widget elementor-widget-icon-box\" data-id=\"550db9d\" data-element_type=\"widget\" data-e-type=\"widget\" data-widget_type=\"icon-box.default\">\n\t\t\t\t<div class=\"elementor-widget-container\">\n\t\t\t\t\t\t\t<div class=\"elementor-icon-box-wrapper\">\n\n\t\t\t\t\t\t<div class=\"elementor-icon-box-icon\">\n\t\t\t\t<span  class=\"elementor-icon\">\n\t\t\t\t<i aria-hidden=\"true\" class=\"fas fa-check-circle\"><\/i>\t\t\t\t<\/span>\n\t\t\t<\/div>\n\t\t\t\n\t\t\t\t\t\t<div class=\"elementor-icon-box-content\">\n\n\t\t\t\t\t\t\t\t\t<h3 class=\"elementor-icon-box-title\">\n\t\t\t\t\t\t<span  >\n\t\t\t\t\t\t\tV\u00f6llig risikofrei\t\t\t\t\t\t<\/span>\n\t\t\t\t\t<\/h3>\n\t\t\t\t\n\t\t\t\t\t\t\t\t\t<p class=\"elementor-icon-box-description\">\n\t\t\t\t\t\tIhr Zugang endet automatisch!\t\t\t\t\t<\/p>\n\t\t\t\t\n\t\t\t<\/div>\n\t\t\t\n\t\t<\/div>\n\t\t\t\t\t\t<\/div>\n\t\t\t\t<\/div>\n\t\t\t\t<\/div>\n\t\t\t\t<\/div>\n\t\t\t\t<\/div>\n\t\t<div class=\"elementor-element elementor-element-0798a44 e-con-full e-flex e-con e-child\" data-id=\"0798a44\" data-element_type=\"container\" data-e-type=\"container\">\n\t\t\t\t<div class=\"elementor-element elementor-element-a1be59e elementor-widget elementor-widget-button\" data-id=\"a1be59e\" data-element_type=\"widget\" data-e-type=\"widget\" data-widget_type=\"button.default\">\n\t\t\t\t<div class=\"elementor-widget-container\">\n\t\t\t\t\t\t\t\t\t<div class=\"elementor-button-wrapper\">\n\t\t\t\t\t<a class=\"elementor-button elementor-button-link elementor-size-sm elementor-animation-shrink\" href=\"https:\/\/vitricon.com\/de\/kontakt\/kontakt\/kostenlos-testen\/\">\n\t\t\t\t\t\t<span class=\"elementor-button-content-wrapper\">\n\t\t\t\t\t\t<span class=\"elementor-button-icon\">\n\t\t\t\t<i aria-hidden=\"true\" class=\"fas fa-arrow-right\"><\/i>\t\t\t<\/span>\n\t\t\t\t\t\t\t\t\t<span class=\"elementor-button-text\">Kostenlos testen<\/span>\n\t\t\t\t\t<\/span>\n\t\t\t\t\t<\/a>\n\t\t\t\t<\/div>\n\t\t\t\t\t\t\t\t<\/div>\n\t\t\t\t<\/div>\n\t\t\t\t<div class=\"elementor-element elementor-element-d7494ee elementor-widget elementor-widget-button\" data-id=\"d7494ee\" data-element_type=\"widget\" data-e-type=\"widget\" data-widget_type=\"button.default\">\n\t\t\t\t<div class=\"elementor-widget-container\">\n\t\t\t\t\t\t\t\t\t<div class=\"elementor-button-wrapper\">\n\t\t\t\t\t<a class=\"elementor-button elementor-button-link elementor-size-sm elementor-animation-shrink\" href=\"https:\/\/vitricon.com\/de\/kontakt\/kontakt\/demo-vereinbaren\/\">\n\t\t\t\t\t\t<span class=\"elementor-button-content-wrapper\">\n\t\t\t\t\t\t<span class=\"elementor-button-icon\">\n\t\t\t\t<i aria-hidden=\"true\" class=\"fas fa-arrow-right\"><\/i>\t\t\t<\/span>\n\t\t\t\t\t\t\t\t\t<span class=\"elementor-button-text\">Beratung vereinbaren<\/span>\n\t\t\t\t\t<\/span>\n\t\t\t\t\t<\/a>\n\t\t\t\t<\/div>\n\t\t\t\t\t\t\t\t<\/div>\n\t\t\t\t<\/div>\n\t\t\t\t<\/div>\n\t\t\t\t\t<\/div>\n\t\t\t\t<\/div>\n\t\t\t\t<\/div>\n\t\t","protected":false},"excerpt":{"rendered":"<p>Home | Wissen \u00dcber Uns Firmenprofil Team Karriere Blog KOSTENLOS TESTEN Entscheiden Sie sich noch heute f\u00fcr VITRICON\u00ae Testen Sie alle Funktionen ohne Einschr\u00e4nkungen 30 Tage kostenlos! App sofort nutzen am Computer, Tablet oder Smartphone V\u00f6llig risikofrei Ihr Zugang endet automatisch! Kostenlos testen Beratung vereinbaren<\/p>\n","protected":false},"author":1,"featured_media":0,"parent":0,"menu_order":4,"comment_status":"closed","ping_status":"closed","template":"","meta":{"inline_featured_image":false,"footnotes":""},"folder":[44],"class_list":["post-3631","page","type-page","status-publish","hentry"],"_links":{"self":[{"href":"https:\/\/vitricon.com\/de\/wp-json\/wp\/v2\/pages\/3631","targetHints":{"allow":["GET"]}}],"collection":[{"href":"https:\/\/vitricon.com\/de\/wp-json\/wp\/v2\/pages"}],"about":[{"href":"https:\/\/vitricon.com\/de\/wp-json\/wp\/v2\/types\/page"}],"author":[{"embeddable":true,"href":"https:\/\/vitricon.com\/de\/wp-json\/wp\/v2\/users\/1"}],"replies":[{"embeddable":true,"href":"https:\/\/vitricon.com\/de\/wp-json\/wp\/v2\/comments?post=3631"}],"version-history":[{"count":10,"href":"https:\/\/vitricon.com\/de\/wp-json\/wp\/v2\/pages\/3631\/revisions"}],"predecessor-version":[{"id":14148,"href":"https:\/\/vitricon.com\/de\/wp-json\/wp\/v2\/pages\/3631\/revisions\/14148"}],"wp:attachment":[{"href":"https:\/\/vitricon.com\/de\/wp-json\/wp\/v2\/media?parent=3631"}],"wp:term":[{"taxonomy":"folder","embeddable":true,"href":"https:\/\/vitricon.com\/de\/wp-json\/wp\/v2\/folder?post=3631"}],"curies":[{"name":"wp","href":"https:\/\/api.w.org\/{rel}","templated":true}]}}