{"id":6880,"date":"2024-09-24T05:46:36","date_gmt":"2024-09-24T05:46:36","guid":{"rendered":"https:\/\/kenexos.com\/?page_id=6880"},"modified":"2025-06-03T10:46:30","modified_gmt":"2025-06-03T10:46:30","slug":"datenschutz-linkedin","status":"publish","type":"page","link":"https:\/\/vitricon.com\/de\/datenschutz-linkedin\/","title":{"rendered":"Datenschutz LinkedIn"},"content":{"rendered":"\t\t<div data-elementor-type=\"wp-page\" data-elementor-id=\"6880\" class=\"elementor elementor-6880\" data-elementor-post-type=\"page\">\n\t\t\t\t<div class=\"elementor-element elementor-element-6f9c4fd e-flex e-con-boxed e-con e-child\" data-id=\"6f9c4fd\" data-element_type=\"container\" data-e-type=\"container\">\n\t\t\t\t\t<div class=\"e-con-inner\">\n\t\t\t\t<div class=\"elementor-element elementor-element-8436ff2 elementor-widget elementor-widget-text-editor\" data-id=\"8436ff2\" data-element_type=\"widget\" data-e-type=\"widget\" data-widget_type=\"text-editor.default\">\n\t\t\t\t<div class=\"elementor-widget-container\">\n\t\t\t\t\t\t\t\t\t<p><a href=\"\/\">Home<\/a>&nbsp;| Datenschutzerkl\u00e4rung LinkedIn<\/p>\t\t\t\t\t\t\t\t<\/div>\n\t\t\t\t<\/div>\n\t\t\t\t\t<\/div>\n\t\t\t\t<\/div>\n\t\t<div class=\"elementor-element elementor-element-eb163e2 e-flex e-con-boxed e-con e-parent\" data-id=\"eb163e2\" data-element_type=\"container\" data-e-type=\"container\">\n\t\t\t\t\t<div class=\"e-con-inner\">\n\t\t\t\t<div class=\"elementor-element elementor-element-536a974 elementor-widget elementor-widget-text-editor\" data-id=\"536a974\" data-element_type=\"widget\" data-e-type=\"widget\" data-widget_type=\"text-editor.default\">\n\t\t\t\t<div class=\"elementor-widget-container\">\n\t\t\t\t\t\t\t\t\t<header>\n<div id=\"c60\" class=\"frame frame-default frame-type-html frame-layout-0 frame-space-before-medium frame-space-after-medium\">\n<h2><b>Datenschutz\u00aderkl\u00e4rung LinkedIn<\/b><\/h2>\n<div>\n<p>Dieser LinkedIn Auftritt wird inhaltlich verantwortet von der EBCsoft GmbH, Br\u00fchl 24, 04109 Leipzig.<\/p>\n<p>Beim Besuch dieser Seite wird von LinkedIn (Verantwortlicher der Datenerhebung auf der Seite selbst) \u00fcber das Setzen von Cookies personenbezogene Nutzerdaten erhoben. Eine solche Datenerhebung durch LinkedIn kann auch bei Besuchern dieser Fanseite erfolgen, die nicht bei LinkedIn eingeloggt oder registriert sind. Informationen \u00fcber die Datenerhebung und weitere Verarbeitungen durch LinkedIn finden Sie in den Datenschutzhinweisen von LinkedIn (LinkedIn Datenschutzrichtlinie). Dienstanbieter ist LinkedIn Irland Unlimited Company, Wilton Plaza Wilton Place, Dublin 2, Irland.<\/p>\n<p>Welche Nutzerdaten LinkedIn erfasst, kann die EBCsoft GmbH nicht abschlie\u00dfend nachvollziehen. Auch hat die Firma EBCsoft GmbH keinen vollumf\u00e4nglichen Zugriff auf die erfassten Daten oder Ihre Profildaten. Die Firma EBCsoft GmbH kann nur die \u00f6ffentlichen Informationen Ihres Profils sehen. Welche dies konkret sind, entscheiden Sie in Ihren LinkedIn Einstellungen. Dar\u00fcber hinaus haben Sie in Ihren Einstellungen die M\u00f6glichkeit der Seite nicht mehr zu folgen. Dann erscheint Ihr Profil nicht mehr in der Liste der Fans dieser Fanseite.<\/p>\n<p>Die Firma EBCsoft GmbH erh\u00e4lt von LinkedIn anonyme Statistiken zur Verwendung und Nutzung der Fanseite. Hierbei werden folgende Informationen beispielsweise bereitgestellt:&nbsp;<\/p>\n<ul>\n<li>Follower: Anzahl an Personen, die der Kreutzpointner Business Software folgen (inklusive Zuw\u00e4chse und Entwicklung \u00fcber einen definierten Zeitrahmen).<\/li>\n<li>Reichweite: Anzahl an Personen, die einen spezifischen Beitrag sehen. Anzahl der Interaktionen auf einen Beitrag.<\/li>\n<li>Anzeigenperformance: Wie viele Personen haben eine Anzeige gesehen?<\/li>\n<li>Demographie: Durchschnittliches Alter der Besucher, Geschlecht, Wohnort, Sprache.<\/li>\n<\/ul>\n<p><br>Diese Statistiken, aus denen wir keinen R\u00fcckschluss auf individuelle Nutzer ziehen k\u00f6nnen, nutzen wir dazu, um unser Online-Angebot auf LinkedIn zu verbessern und auf die Interessen unsere Nutzer besser einzugehen. Wir k\u00f6nnen die statistischen Daten nicht mit den Profildaten unserer Follower verkn\u00fcpfen.<\/p>\n<p>Die EBCsoft GmbH erh\u00e4lt \u00fcber LinkedIn personenbezogene Daten, wenn Sie uns diese aktiv \u00fcber eine pers\u00f6nliche Nachricht auf LinkedIn mitteilen. Wir nutzen Ihre Daten (z.B. Vorname, Name) zur Beantwortung Ihres Anliegens und um Ihnen die gew\u00fcnschten Informationen und\/oder Angebote zu unterbreiten.<br><br>Rechtsgrundlage der Datenverarbeitung sind die berechtigten Interessen der EBCsoft GmbH im Rahmen von Marketingzwecken nach Art. 6 Abs. 1 lit. f DSGVO. Sollten Daten in die USA als Drittstaat \u00fcbermittelt werden, so sind die Standardvertragsklauseln Grundlage hierf\u00fcr (<a href=\"https:\/\/legal.linkedin.com\/dpa\" target=\"_blank\" rel=\"noopener noreferrer\">https:\/\/legal.linkedin.com\/dpa<\/a>). Einen dementsprechenden Auftragsverarbeitungsvertrag k\u00f6nnen Sie ebenso unter&nbsp;<a href=\"https:\/\/legal.linkedin.com\/dpa\" target=\"_blank\" rel=\"noopener noreferrer\">https:\/\/legal.linkedin.com\/dpa<\/a>&nbsp;einsehen.<\/p>\n<p>Weitere Informationen \u00fcber die Datenverarbeitung personenbezogener Daten durch die Kreutzpointner Unternehmensgruppe sowie zu Ihren Rechten finden Sie in unserer <a href=\"https:\/\/vitricon.com\/de\/rechtliches\/datenschutz\/\">Datenschutzerkl\u00e4rung<\/a>.&nbsp;<\/p>\n<\/div>\n<\/div>\n<\/header>\t\t\t\t\t\t\t\t<\/div>\n\t\t\t\t<\/div>\n\t\t\t\t\t<\/div>\n\t\t\t\t<\/div>\n\t\t\t\t<\/div>\n\t\t","protected":false},"excerpt":{"rendered":"<p>Home&nbsp;| Datenschutzerkl\u00e4rung LinkedIn Datenschutz\u00aderkl\u00e4rung LinkedIn Dieser LinkedIn Auftritt wird inhaltlich verantwortet von der EBCsoft GmbH, Br\u00fchl 24, 04109 Leipzig. Beim Besuch dieser Seite wird von LinkedIn (Verantwortlicher der Datenerhebung auf der Seite selbst) \u00fcber das Setzen von Cookies personenbezogene Nutzerdaten erhoben. Eine solche Datenerhebung durch LinkedIn kann auch bei Besuchern dieser Fanseite erfolgen, die nicht [&hellip;]<\/p>\n","protected":false},"author":1,"featured_media":0,"parent":0,"menu_order":0,"comment_status":"closed","ping_status":"closed","template":"","meta":{"inline_featured_image":false,"footnotes":""},"folder":[27],"class_list":["post-6880","page","type-page","status-publish","hentry"],"_links":{"self":[{"href":"https:\/\/vitricon.com\/de\/wp-json\/wp\/v2\/pages\/6880","targetHints":{"allow":["GET"]}}],"collection":[{"href":"https:\/\/vitricon.com\/de\/wp-json\/wp\/v2\/pages"}],"about":[{"href":"https:\/\/vitricon.com\/de\/wp-json\/wp\/v2\/types\/page"}],"author":[{"embeddable":true,"href":"https:\/\/vitricon.com\/de\/wp-json\/wp\/v2\/users\/1"}],"replies":[{"embeddable":true,"href":"https:\/\/vitricon.com\/de\/wp-json\/wp\/v2\/comments?post=6880"}],"version-history":[{"count":10,"href":"https:\/\/vitricon.com\/de\/wp-json\/wp\/v2\/pages\/6880\/revisions"}],"predecessor-version":[{"id":11292,"href":"https:\/\/vitricon.com\/de\/wp-json\/wp\/v2\/pages\/6880\/revisions\/11292"}],"wp:attachment":[{"href":"https:\/\/vitricon.com\/de\/wp-json\/wp\/v2\/media?parent=6880"}],"wp:term":[{"taxonomy":"folder","embeddable":true,"href":"https:\/\/vitricon.com\/de\/wp-json\/wp\/v2\/folder?post=6880"}],"curies":[{"name":"wp","href":"https:\/\/api.w.org\/{rel}","templated":true}]}}